{"id":3159,"date":"2021-01-04T10:10:51","date_gmt":"2021-01-04T09:10:51","guid":{"rendered":"https:\/\/prehistodino.com\/carteinterractive\/"},"modified":"2023-11-06T18:33:03","modified_gmt":"2023-11-06T17:33:03","slug":"map-of-the-park","status":"publish","type":"page","link":"https:\/\/prehistodino.com\/en\/map-of-the-park\/","title":{"rendered":"map of the park"},"content":{"rendered":"<section class=\"wpb-content-wrapper\">[vc_row full_width=&#8221;stretch_row_content&#8221; curly_padding=&#8221;content-padding-none&#8221;][vc_column width=&#8221;1\/4&#8243; css=&#8221;.vc_custom_1612354976391{background-color: #cd5b3d !important;}&#8221;][vc_empty_space height=&#8221;50px&#8221;][vc_column_text size=&#8221;0&#8243;]\n<h3 style=\"text-align: center;\"><span style=\"color: #ffffff;\">The Palaeozoic Era<\/span><\/h3>\n[\/vc_column_text][vc_column_text size=&#8221;0&#8243;]\n<p style=\"text-align: center;\"><span style=\"color: #ffffff;\">600 to 225 million years ago<\/span><\/p>\n[\/vc_column_text][vc_empty_space height=&#8221;12px&#8221;][\/vc_column][vc_column width=&#8221;1\/4&#8243; css=&#8221;.vc_custom_1612355011312{background-color: #1e6f4f !important;}&#8221;][vc_empty_space height=&#8221;50px&#8221;][vc_column_text size=&#8221;0&#8243;]\n<h3 style=\"text-align: center;\"><span style=\"color: #ffffff;\">The Mesozoic Era<\/span><\/h3>\n[\/vc_column_text][vc_column_text size=&#8221;0&#8243;]\n<p style=\"text-align: center;\"><span style=\"color: #ffffff;\">225 to 70 million years ago<\/span><\/p>\n[\/vc_column_text][vc_empty_space height=&#8221;12px&#8221;][\/vc_column][vc_column width=&#8221;1\/4&#8243; css=&#8221;.vc_custom_1612355066204{background-color: #3695bd !important;}&#8221;][vc_empty_space height=&#8221;50px&#8221;][vc_column_text size=&#8221;0&#8243;]\n<h3 style=\"text-align: center;\"><span style=\"color: #ffffff;\">The Cenozoic Era<\/span><\/h3>\n[\/vc_column_text][vc_column_text size=&#8221;0&#8243;]\n<p style=\"text-align: center;\"><span style=\"color: #ffffff;\">70 million years to the present day<\/span><\/p>\n[\/vc_column_text][vc_empty_space height=&#8221;12px&#8221;][\/vc_column][vc_column width=&#8221;1\/4&#8243; css=&#8221;.vc_custom_1612355093437{background-color: #bd373e !important;}&#8221;][vc_empty_space height=&#8221;50px&#8221;][vc_column_text size=&#8221;0&#8243;]\n<h3 style=\"text-align: center;\"><span style=\"color: #ffffff;\">The Neozoic Era<\/span><\/h3>\n[\/vc_column_text][vc_column_text size=&#8221;0&#8243;]\n<p style=\"text-align: center;\"><span style=\"color: #ffffff;\">From 1 million years ago to the present day<\/span><\/p>\n[\/vc_column_text][vc_empty_space height=&#8221;12px&#8221;][\/vc_column][\/vc_row][vc_row full_width=&#8221;stretch_row&#8221; curly_padding=&#8221;content-padding-none&#8221; css=&#8221;.vc_custom_1699291978591{background-color: #ede7da !important;}&#8221;][vc_column][vc_empty_space height=&#8221;15px&#8221;][vc_empty_space height=&#8221;15px&#8221;][vc_column_text size=&#8221;0&#8243;]\n<h3 style=\"text-align: center;\"><span style=\"color: #006d4f;\">Let yourself be carried back to prehistoric times<br \/>\nand discover the surprising story of these long-lost giants.<br \/>\n<\/span><\/h3>\n[\/vc_column_text][vc_column_text size=&#8221;0&#8243;]\n<p style=\"text-align: center;\"><span style=\"color: #000000;\">Click on the virtual map to discover the scenes presented in the park.<br \/>\n<\/span><\/p>\n[\/vc_column_text][vc_column_text size=&#8221;0&#8243;]<div id=\"image-map-pro-7963\"><\/div>[\/vc_column_text][\/vc_column][\/vc_row]\n<\/section>","protected":false},"excerpt":{"rendered":"<p>[vc_row full_width=&#8221;stretch_row_content&#8221; curly_padding=&#8221;content-padding-none&#8221;][vc_column width=&#8221;1\/4&#8243; css=&#8221;.vc_custom_1612354976391{background-color: #cd5b3d !important;}&#8221;][vc_empty_space height=&#8221;50px&#8221;][vc_column_text size=&#8221;0&#8243;] The Palaeozoic Era [\/vc_column_text][vc_column_text size=&#8221;0&#8243;] 600 to 225 million years ago [&hellip;]<\/p>\n","protected":false},"author":1,"featured_media":3134,"parent":0,"menu_order":0,"comment_status":"closed","ping_status":"closed","template":"","meta":{"footnotes":""},"class_list":["post-3159","page","type-page","status-publish","has-post-thumbnail","hentry"],"yoast_head":"<!-- This site is optimized with the Yoast SEO plugin v27.1.1 - https:\/\/yoast.com\/product\/yoast-seo-wordpress\/ -->\n<title>Plan du Prehisto Dino Parc - D\u00e9couvrez les sc\u00e8nes de la visite<\/title>\n<meta name=\"description\" content=\"D\u00e9couvrez le plan du parc et Laissez-vous transporter dans les \u00e8res pr\u00e9historiques pour d\u00e9couvrir la surprenante aventure de ces g\u00e9ants disparus.\" \/>\n<meta name=\"robots\" content=\"index, follow, max-snippet:-1, max-image-preview:large, max-video-preview:-1\" \/>\n<link rel=\"canonical\" href=\"https:\/\/prehistodino.com\/en\/map-of-the-park\/\" \/>\n<meta property=\"og:locale\" content=\"en_US\" \/>\n<meta property=\"og:type\" content=\"article\" \/>\n<meta property=\"og:title\" content=\"Plan du Prehisto Dino Parc - D\u00e9couvrez les sc\u00e8nes de la visite\" \/>\n<meta property=\"og:description\" content=\"D\u00e9couvrez le plan du parc et Laissez-vous transporter dans les \u00e8res pr\u00e9historiques pour d\u00e9couvrir la surprenante aventure de ces g\u00e9ants disparus.\" \/>\n<meta property=\"og:url\" content=\"https:\/\/prehistodino.com\/en\/map-of-the-park\/\" \/>\n<meta property=\"og:site_name\" content=\"Pr\u00e9histodino parc - Lacave en Quercy\" \/>\n<meta property=\"article:modified_time\" content=\"2023-11-06T17:33:03+00:00\" \/>\n<meta property=\"og:image\" content=\"https:\/\/prehistodino.com\/wp-content\/uploads\/2021\/03\/allosaure.jpg\" \/>\n\t<meta property=\"og:image:width\" content=\"737\" \/>\n\t<meta property=\"og:image:height\" content=\"458\" \/>\n\t<meta property=\"og:image:type\" content=\"image\/jpeg\" \/>\n<meta name=\"twitter:card\" content=\"summary_large_image\" \/>\n<meta name=\"twitter:title\" content=\"Plan du Prehisto Dino Parc - D\u00e9couvrez les sc\u00e8nes de la visite\" \/>\n<meta name=\"twitter:description\" content=\"D\u00e9couvrez le plan du parc et Laissez-vous transporter dans les \u00e8res pr\u00e9historiques pour d\u00e9couvrir la surprenante aventure de ces g\u00e9ants disparus.\" \/>\n<meta name=\"twitter:image\" content=\"https:\/\/prehistodino.com\/wp-content\/uploads\/2021\/03\/allosaure.jpg\" \/>\n<meta name=\"twitter:label1\" content=\"Est. reading time\" \/>\n\t<meta name=\"twitter:data1\" content=\"1 minute\" \/>\n<script type=\"application\/ld+json\" class=\"yoast-schema-graph\">{\"@context\":\"https:\/\/schema.org\",\"@graph\":[{\"@type\":\"WebPage\",\"@id\":\"https:\/\/prehistodino.com\/en\/map-of-the-park\/\",\"url\":\"https:\/\/prehistodino.com\/en\/map-of-the-park\/\",\"name\":\"Plan du Prehisto Dino Parc - D\u00e9couvrez les sc\u00e8nes de la visite\",\"isPartOf\":{\"@id\":\"https:\/\/prehistodino.com\/#website\"},\"primaryImageOfPage\":{\"@id\":\"https:\/\/prehistodino.com\/en\/map-of-the-park\/#primaryimage\"},\"image\":{\"@id\":\"https:\/\/prehistodino.com\/en\/map-of-the-park\/#primaryimage\"},\"thumbnailUrl\":\"https:\/\/prehistodino.com\/wp-content\/uploads\/2021\/03\/allosaure.jpg\",\"datePublished\":\"2021-01-04T09:10:51+00:00\",\"dateModified\":\"2023-11-06T17:33:03+00:00\",\"description\":\"D\u00e9couvrez le plan du parc et Laissez-vous transporter dans les \u00e8res pr\u00e9historiques pour d\u00e9couvrir la surprenante aventure de ces g\u00e9ants disparus.\",\"breadcrumb\":{\"@id\":\"https:\/\/prehistodino.com\/en\/map-of-the-park\/#breadcrumb\"},\"inLanguage\":\"en-US\",\"potentialAction\":[{\"@type\":\"ReadAction\",\"target\":[\"https:\/\/prehistodino.com\/en\/map-of-the-park\/\"]}]},{\"@type\":\"ImageObject\",\"inLanguage\":\"en-US\",\"@id\":\"https:\/\/prehistodino.com\/en\/map-of-the-park\/#primaryimage\",\"url\":\"https:\/\/prehistodino.com\/wp-content\/uploads\/2021\/03\/allosaure.jpg\",\"contentUrl\":\"https:\/\/prehistodino.com\/wp-content\/uploads\/2021\/03\/allosaure.jpg\",\"width\":737,\"height\":458},{\"@type\":\"BreadcrumbList\",\"@id\":\"https:\/\/prehistodino.com\/en\/map-of-the-park\/#breadcrumb\",\"itemListElement\":[{\"@type\":\"ListItem\",\"position\":1,\"name\":\"Accueil\",\"item\":\"https:\/\/prehistodino.com\/en\/\"},{\"@type\":\"ListItem\",\"position\":2,\"name\":\"map of the park\"}]},{\"@type\":\"WebSite\",\"@id\":\"https:\/\/prehistodino.com\/#website\",\"url\":\"https:\/\/prehistodino.com\/\",\"name\":\"Pr\u00e9histodino parc - Lacave en Quercy\",\"description\":\"Laissez-vous transporter \u00e0 l&#039;\u00e9poque des dinosaures et poursuivez votre voyage sur les traces de l&#039;homme\",\"potentialAction\":[{\"@type\":\"SearchAction\",\"target\":{\"@type\":\"EntryPoint\",\"urlTemplate\":\"https:\/\/prehistodino.com\/?s={search_term_string}\"},\"query-input\":{\"@type\":\"PropertyValueSpecification\",\"valueRequired\":true,\"valueName\":\"search_term_string\"}}],\"inLanguage\":\"en-US\"}]}<\/script>\n<!-- \/ Yoast SEO plugin. -->","yoast_head_json":{"title":"Plan du Prehisto Dino Parc - D\u00e9couvrez les sc\u00e8nes de la visite","description":"D\u00e9couvrez le plan du parc et Laissez-vous transporter dans les \u00e8res pr\u00e9historiques pour d\u00e9couvrir la surprenante aventure de ces g\u00e9ants disparus.","robots":{"index":"index","follow":"follow","max-snippet":"max-snippet:-1","max-image-preview":"max-image-preview:large","max-video-preview":"max-video-preview:-1"},"canonical":"https:\/\/prehistodino.com\/en\/map-of-the-park\/","og_locale":"en_US","og_type":"article","og_title":"Plan du Prehisto Dino Parc - D\u00e9couvrez les sc\u00e8nes de la visite","og_description":"D\u00e9couvrez le plan du parc et Laissez-vous transporter dans les \u00e8res pr\u00e9historiques pour d\u00e9couvrir la surprenante aventure de ces g\u00e9ants disparus.","og_url":"https:\/\/prehistodino.com\/en\/map-of-the-park\/","og_site_name":"Pr\u00e9histodino parc - Lacave en Quercy","article_modified_time":"2023-11-06T17:33:03+00:00","og_image":[{"width":737,"height":458,"url":"https:\/\/prehistodino.com\/wp-content\/uploads\/2021\/03\/allosaure.jpg","type":"image\/jpeg"}],"twitter_card":"summary_large_image","twitter_title":"Plan du Prehisto Dino Parc - D\u00e9couvrez les sc\u00e8nes de la visite","twitter_description":"D\u00e9couvrez le plan du parc et Laissez-vous transporter dans les \u00e8res pr\u00e9historiques pour d\u00e9couvrir la surprenante aventure de ces g\u00e9ants disparus.","twitter_image":"https:\/\/prehistodino.com\/wp-content\/uploads\/2021\/03\/allosaure.jpg","twitter_misc":{"Est. reading time":"1 minute"},"schema":{"@context":"https:\/\/schema.org","@graph":[{"@type":"WebPage","@id":"https:\/\/prehistodino.com\/en\/map-of-the-park\/","url":"https:\/\/prehistodino.com\/en\/map-of-the-park\/","name":"Plan du Prehisto Dino Parc - D\u00e9couvrez les sc\u00e8nes de la visite","isPartOf":{"@id":"https:\/\/prehistodino.com\/#website"},"primaryImageOfPage":{"@id":"https:\/\/prehistodino.com\/en\/map-of-the-park\/#primaryimage"},"image":{"@id":"https:\/\/prehistodino.com\/en\/map-of-the-park\/#primaryimage"},"thumbnailUrl":"https:\/\/prehistodino.com\/wp-content\/uploads\/2021\/03\/allosaure.jpg","datePublished":"2021-01-04T09:10:51+00:00","dateModified":"2023-11-06T17:33:03+00:00","description":"D\u00e9couvrez le plan du parc et Laissez-vous transporter dans les \u00e8res pr\u00e9historiques pour d\u00e9couvrir la surprenante aventure de ces g\u00e9ants disparus.","breadcrumb":{"@id":"https:\/\/prehistodino.com\/en\/map-of-the-park\/#breadcrumb"},"inLanguage":"en-US","potentialAction":[{"@type":"ReadAction","target":["https:\/\/prehistodino.com\/en\/map-of-the-park\/"]}]},{"@type":"ImageObject","inLanguage":"en-US","@id":"https:\/\/prehistodino.com\/en\/map-of-the-park\/#primaryimage","url":"https:\/\/prehistodino.com\/wp-content\/uploads\/2021\/03\/allosaure.jpg","contentUrl":"https:\/\/prehistodino.com\/wp-content\/uploads\/2021\/03\/allosaure.jpg","width":737,"height":458},{"@type":"BreadcrumbList","@id":"https:\/\/prehistodino.com\/en\/map-of-the-park\/#breadcrumb","itemListElement":[{"@type":"ListItem","position":1,"name":"Accueil","item":"https:\/\/prehistodino.com\/en\/"},{"@type":"ListItem","position":2,"name":"map of the park"}]},{"@type":"WebSite","@id":"https:\/\/prehistodino.com\/#website","url":"https:\/\/prehistodino.com\/","name":"Pr\u00e9histodino parc - Lacave en Quercy","description":"Laissez-vous transporter \u00e0 l&#039;\u00e9poque des dinosaures et poursuivez votre voyage sur les traces de l&#039;homme","potentialAction":[{"@type":"SearchAction","target":{"@type":"EntryPoint","urlTemplate":"https:\/\/prehistodino.com\/?s={search_term_string}"},"query-input":{"@type":"PropertyValueSpecification","valueRequired":true,"valueName":"search_term_string"}}],"inLanguage":"en-US"}]}},"_links":{"self":[{"href":"https:\/\/prehistodino.com\/en\/wp-json\/wp\/v2\/pages\/3159","targetHints":{"allow":["GET"]}}],"collection":[{"href":"https:\/\/prehistodino.com\/en\/wp-json\/wp\/v2\/pages"}],"about":[{"href":"https:\/\/prehistodino.com\/en\/wp-json\/wp\/v2\/types\/page"}],"author":[{"embeddable":true,"href":"https:\/\/prehistodino.com\/en\/wp-json\/wp\/v2\/users\/1"}],"replies":[{"embeddable":true,"href":"https:\/\/prehistodino.com\/en\/wp-json\/wp\/v2\/comments?post=3159"}],"version-history":[{"count":7,"href":"https:\/\/prehistodino.com\/en\/wp-json\/wp\/v2\/pages\/3159\/revisions"}],"predecessor-version":[{"id":3457,"href":"https:\/\/prehistodino.com\/en\/wp-json\/wp\/v2\/pages\/3159\/revisions\/3457"}],"wp:featuredmedia":[{"embeddable":true,"href":"https:\/\/prehistodino.com\/en\/wp-json\/wp\/v2\/media\/3134"}],"wp:attachment":[{"href":"https:\/\/prehistodino.com\/en\/wp-json\/wp\/v2\/media?parent=3159"}],"curies":[{"name":"wp","href":"https:\/\/api.w.org\/{rel}","templated":true}]}}