{"id":3162,"date":"2021-01-07T13:52:34","date_gmt":"2021-01-07T12:52:34","guid":{"rendered":"https:\/\/prehistodino.com\/animations\/"},"modified":"2023-11-07T07:11:56","modified_gmt":"2023-11-07T06:11:56","slug":"activities-families","status":"publish","type":"page","link":"https:\/\/prehistodino.com\/en\/activities-families\/","title":{"rendered":"Activities"},"content":{"rendered":"<section class=\"wpb-content-wrapper\">[vc_row full_width=&#8221;stretch_row_content&#8221; content_placement=&#8221;bottom&#8221; css=&#8221;.vc_custom_1614806256168{background-image: url(https:\/\/prehistodino.com\/wp-content\/uploads\/2021\/03\/visuelvisit-1.jpg?id=2432) !important;background-position: center !important;background-repeat: no-repeat !important;background-size: cover !important;}&#8221;][vc_column][vc_empty_space height=&#8221;500px&#8221;][vc_column_text css_animation=&#8221;fadeInDown&#8221; size=&#8221;0&#8243;]\n<h1 style=\"text-align: center;\"><span style=\"color: #ffffff;\">Activities for all the family<\/span><\/h1>\n[\/vc_column_text][vc_empty_space height=&#8221;10px&#8221;][\/vc_column][\/vc_row][vc_row full_width=&#8221;stretch_row_content&#8221; gap=&#8221;10&#8243; content_placement=&#8221;top&#8221; css=&#8221;.vc_custom_1614804910691{background-color: #ede7da !important;background-position: 0 0 !important;background-repeat: no-repeat !important;}&#8221;][vc_column width=&#8221;1\/3&#8243;][vc_column_text size=&#8221;0&#8243; css=&#8221;.vc_custom_1634033570445{background-color: #006c4e !important;}&#8221;]\n<h3 style=\"text-align: center;\"><span style=\"color: #ffffff;\">EASTER WEEKEND<\/span><\/h3>\n[\/vc_column_text][vc_single_image image=&#8221;1420&#8243; img_size=&#8221;full&#8221;][vc_column_text size=&#8221;0&#8243;]\n<h2><span style=\"color: #bccf00;\">JURASSIC EASTER<\/span><\/h2>\n<p style=\"text-align: justify;\">Children, equipped with their explorer&#8217;s card and a booklet of fun and amusing riddles, go in search of Prehisto Dino Parc\u2019s mystery word. Reward at stake!<br \/>\n<span style=\"color: #006c4e;\"><strong><br \/>\n<\/strong><\/span><span style=\"color: #006c4e;\"><strong>Sunday and Easter Monday from 10 am to 7 pm<br \/>\nActivity at no extra cost to the entrance fee<\/strong><\/span><\/p>\n[\/vc_column_text][\/vc_column][vc_column width=&#8221;1\/3&#8243;][vc_column_text size=&#8221;0&#8243; css=&#8221;.vc_custom_1634033554228{background-color: #006c4e !important;}&#8221;]\n<h3 style=\"text-align: center;\"><span style=\"color: #ffffff;\">ASCENSION AND WHITSUN WEEKEND<\/span><\/h3>\n[\/vc_column_text][vc_single_image image=&#8221;1423&#8243; img_size=&#8221;full&#8221;][vc_column_text size=&#8221;0&#8243;]\n<h2><span style=\"color: #bccf00;\">INTRODUCTION TO SPEAR THROWING<\/span><\/h2>\n<p style=\"text-align: justify;\">Would you like to experience the everyday life of prehistoric man? Take part in our introduction to prehistoric hunting, using spears and assegais.<br \/>\n<span style=\"color: #000000;\"><strong><br \/>\n<\/strong><\/span><span style=\"color: #006c4e;\"><strong>This activity is open to everyone and is offered on bank and public holidays during the Ascension and Whitsun weekends from 1.30 pm to 6 pm.<br \/>\nNo reservation required, and no additional charge for admission.<br \/>\n<\/strong><\/span><\/p>\n[\/vc_column_text][\/vc_column][vc_column width=&#8221;1\/3&#8243;][vc_column_text size=&#8221;0&#8243; css=&#8221;.vc_custom_1634033519333{background-color: #006c4e !important;}&#8221;]\n<h3 style=\"text-align: center;\"><span style=\"color: #ffffff;\">QUIZ-GAMES<br \/>\n<\/span><\/h3>\n[\/vc_column_text][vc_single_image image=&#8221;2429&#8243; img_size=&#8221;full&#8221;][vc_column_text size=&#8221;0&#8243;]\n<h2><span style=\"color: #bccf00;\">LEARN WHILST HAVING FUN<br \/>\n<\/span><\/h2>\n<p style=\"text-align: justify;\">Equipped with a fully illustrated game booklet, children can solve enigmas, answer riddles, and take part in fun games on their way round the park.<br \/>\n<span style=\"color: #006c4e;\"><strong>The quiz booklet: \u20ac0,90.<br \/>\nBring a pencil.<br \/>\nIn french only.<br \/>\n<\/strong><\/span><\/p>\n[\/vc_column_text][\/vc_column][\/vc_row]\n<\/section>","protected":false},"excerpt":{"rendered":"<p>[vc_row full_width=&#8221;stretch_row_content&#8221; content_placement=&#8221;bottom&#8221; css=&#8221;.vc_custom_1614806256168{background-image: url(https:\/\/prehistodino.com\/wp-content\/uploads\/2021\/03\/visuelvisit-1.jpg?id=2432) !important;background-position: center !important;background-repeat: no-repeat !important;background-size: cover !important;}&#8221;][vc_column][vc_empty_space height=&#8221;500px&#8221;][vc_column_text css_animation=&#8221;fadeInDown&#8221; size=&#8221;0&#8243;] Activities for all the family [&hellip;]<\/p>\n","protected":false},"author":1,"featured_media":3130,"parent":0,"menu_order":0,"comment_status":"closed","ping_status":"closed","template":"","meta":{"footnotes":""},"class_list":["post-3162","page","type-page","status-publish","has-post-thumbnail","hentry"],"yoast_head":"<!-- This site is optimized with the Yoast SEO plugin v27.1.1 - https:\/\/yoast.com\/product\/yoast-seo-wordpress\/ -->\n<title>Animations au Prehisto Dino parc \u00e0 partager en famille. Lacave en Quercy<\/title>\n<meta name=\"description\" content=\"Des animations \u00e0 partager en famille au Prehisto Dino Parc. Initiation tir au propulseur, initiation \u00e0 l\u2019art pari\u00e9tal, questionnaire-jeux\" \/>\n<meta name=\"robots\" content=\"index, follow, max-snippet:-1, max-image-preview:large, max-video-preview:-1\" \/>\n<link rel=\"canonical\" href=\"https:\/\/prehistodino.com\/en\/activities-families\/\" \/>\n<meta property=\"og:locale\" content=\"en_US\" \/>\n<meta property=\"og:type\" content=\"article\" \/>\n<meta property=\"og:title\" content=\"Animations au Prehisto Dino parc \u00e0 partager en famille. Lacave en Quercy\" \/>\n<meta property=\"og:description\" content=\"Des animations \u00e0 partager en famille au Prehisto Dino Parc. Initiation tir au propulseur, initiation \u00e0 l\u2019art pari\u00e9tal, questionnaire-jeux\" \/>\n<meta property=\"og:url\" content=\"https:\/\/prehistodino.com\/en\/activities-families\/\" \/>\n<meta property=\"og:site_name\" content=\"Pr\u00e9histodino parc - Lacave en Quercy\" \/>\n<meta property=\"article:modified_time\" content=\"2023-11-07T06:11:56+00:00\" \/>\n<meta property=\"og:image\" content=\"https:\/\/prehistodino.com\/wp-content\/uploads\/2021\/03\/visuelvisit-1.jpg\" \/>\n\t<meta property=\"og:image:width\" content=\"1900\" \/>\n\t<meta property=\"og:image:height\" content=\"756\" \/>\n\t<meta property=\"og:image:type\" content=\"image\/jpeg\" \/>\n<meta name=\"twitter:card\" content=\"summary_large_image\" \/>\n<meta name=\"twitter:title\" content=\"Animations au Prehisto Dino parc \u00e0 partager en famille. Lacave en Quercy\" \/>\n<meta name=\"twitter:description\" content=\"Des animations \u00e0 partager en famille au Prehisto Dino Parc. Initiation tir au propulseur, initiation \u00e0 l\u2019art pari\u00e9tal, questionnaire-jeux\" \/>\n<meta name=\"twitter:image\" content=\"https:\/\/prehistodino.com\/wp-content\/uploads\/2021\/03\/visuelvisit-1.jpg\" \/>\n<meta name=\"twitter:label1\" content=\"Est. reading time\" \/>\n\t<meta name=\"twitter:data1\" content=\"2 minutes\" \/>\n<script type=\"application\/ld+json\" class=\"yoast-schema-graph\">{\"@context\":\"https:\/\/schema.org\",\"@graph\":[{\"@type\":\"WebPage\",\"@id\":\"https:\/\/prehistodino.com\/en\/activities-families\/\",\"url\":\"https:\/\/prehistodino.com\/en\/activities-families\/\",\"name\":\"Animations au Prehisto Dino parc \u00e0 partager en famille. Lacave en Quercy\",\"isPartOf\":{\"@id\":\"https:\/\/prehistodino.com\/#website\"},\"primaryImageOfPage\":{\"@id\":\"https:\/\/prehistodino.com\/en\/activities-families\/#primaryimage\"},\"image\":{\"@id\":\"https:\/\/prehistodino.com\/en\/activities-families\/#primaryimage\"},\"thumbnailUrl\":\"https:\/\/prehistodino.com\/wp-content\/uploads\/2021\/03\/visuelvisit-1.jpg\",\"datePublished\":\"2021-01-07T12:52:34+00:00\",\"dateModified\":\"2023-11-07T06:11:56+00:00\",\"description\":\"Des animations \u00e0 partager en famille au Prehisto Dino Parc. Initiation tir au propulseur, initiation \u00e0 l\u2019art pari\u00e9tal, questionnaire-jeux\",\"breadcrumb\":{\"@id\":\"https:\/\/prehistodino.com\/en\/activities-families\/#breadcrumb\"},\"inLanguage\":\"en-US\",\"potentialAction\":[{\"@type\":\"ReadAction\",\"target\":[\"https:\/\/prehistodino.com\/en\/activities-families\/\"]}]},{\"@type\":\"ImageObject\",\"inLanguage\":\"en-US\",\"@id\":\"https:\/\/prehistodino.com\/en\/activities-families\/#primaryimage\",\"url\":\"https:\/\/prehistodino.com\/wp-content\/uploads\/2021\/03\/visuelvisit-1.jpg\",\"contentUrl\":\"https:\/\/prehistodino.com\/wp-content\/uploads\/2021\/03\/visuelvisit-1.jpg\",\"width\":1900,\"height\":756},{\"@type\":\"BreadcrumbList\",\"@id\":\"https:\/\/prehistodino.com\/en\/activities-families\/#breadcrumb\",\"itemListElement\":[{\"@type\":\"ListItem\",\"position\":1,\"name\":\"Accueil\",\"item\":\"https:\/\/prehistodino.com\/en\/\"},{\"@type\":\"ListItem\",\"position\":2,\"name\":\"Activities\"}]},{\"@type\":\"WebSite\",\"@id\":\"https:\/\/prehistodino.com\/#website\",\"url\":\"https:\/\/prehistodino.com\/\",\"name\":\"Pr\u00e9histodino parc - Lacave en Quercy\",\"description\":\"Laissez-vous transporter \u00e0 l&#039;\u00e9poque des dinosaures et poursuivez votre voyage sur les traces de l&#039;homme\",\"potentialAction\":[{\"@type\":\"SearchAction\",\"target\":{\"@type\":\"EntryPoint\",\"urlTemplate\":\"https:\/\/prehistodino.com\/?s={search_term_string}\"},\"query-input\":{\"@type\":\"PropertyValueSpecification\",\"valueRequired\":true,\"valueName\":\"search_term_string\"}}],\"inLanguage\":\"en-US\"}]}<\/script>\n<!-- \/ Yoast SEO plugin. -->","yoast_head_json":{"title":"Animations au Prehisto Dino parc \u00e0 partager en famille. Lacave en Quercy","description":"Des animations \u00e0 partager en famille au Prehisto Dino Parc. Initiation tir au propulseur, initiation \u00e0 l\u2019art pari\u00e9tal, questionnaire-jeux","robots":{"index":"index","follow":"follow","max-snippet":"max-snippet:-1","max-image-preview":"max-image-preview:large","max-video-preview":"max-video-preview:-1"},"canonical":"https:\/\/prehistodino.com\/en\/activities-families\/","og_locale":"en_US","og_type":"article","og_title":"Animations au Prehisto Dino parc \u00e0 partager en famille. Lacave en Quercy","og_description":"Des animations \u00e0 partager en famille au Prehisto Dino Parc. Initiation tir au propulseur, initiation \u00e0 l\u2019art pari\u00e9tal, questionnaire-jeux","og_url":"https:\/\/prehistodino.com\/en\/activities-families\/","og_site_name":"Pr\u00e9histodino parc - Lacave en Quercy","article_modified_time":"2023-11-07T06:11:56+00:00","og_image":[{"width":1900,"height":756,"url":"https:\/\/prehistodino.com\/wp-content\/uploads\/2021\/03\/visuelvisit-1.jpg","type":"image\/jpeg"}],"twitter_card":"summary_large_image","twitter_title":"Animations au Prehisto Dino parc \u00e0 partager en famille. Lacave en Quercy","twitter_description":"Des animations \u00e0 partager en famille au Prehisto Dino Parc. Initiation tir au propulseur, initiation \u00e0 l\u2019art pari\u00e9tal, questionnaire-jeux","twitter_image":"https:\/\/prehistodino.com\/wp-content\/uploads\/2021\/03\/visuelvisit-1.jpg","twitter_misc":{"Est. reading time":"2 minutes"},"schema":{"@context":"https:\/\/schema.org","@graph":[{"@type":"WebPage","@id":"https:\/\/prehistodino.com\/en\/activities-families\/","url":"https:\/\/prehistodino.com\/en\/activities-families\/","name":"Animations au Prehisto Dino parc \u00e0 partager en famille. Lacave en Quercy","isPartOf":{"@id":"https:\/\/prehistodino.com\/#website"},"primaryImageOfPage":{"@id":"https:\/\/prehistodino.com\/en\/activities-families\/#primaryimage"},"image":{"@id":"https:\/\/prehistodino.com\/en\/activities-families\/#primaryimage"},"thumbnailUrl":"https:\/\/prehistodino.com\/wp-content\/uploads\/2021\/03\/visuelvisit-1.jpg","datePublished":"2021-01-07T12:52:34+00:00","dateModified":"2023-11-07T06:11:56+00:00","description":"Des animations \u00e0 partager en famille au Prehisto Dino Parc. Initiation tir au propulseur, initiation \u00e0 l\u2019art pari\u00e9tal, questionnaire-jeux","breadcrumb":{"@id":"https:\/\/prehistodino.com\/en\/activities-families\/#breadcrumb"},"inLanguage":"en-US","potentialAction":[{"@type":"ReadAction","target":["https:\/\/prehistodino.com\/en\/activities-families\/"]}]},{"@type":"ImageObject","inLanguage":"en-US","@id":"https:\/\/prehistodino.com\/en\/activities-families\/#primaryimage","url":"https:\/\/prehistodino.com\/wp-content\/uploads\/2021\/03\/visuelvisit-1.jpg","contentUrl":"https:\/\/prehistodino.com\/wp-content\/uploads\/2021\/03\/visuelvisit-1.jpg","width":1900,"height":756},{"@type":"BreadcrumbList","@id":"https:\/\/prehistodino.com\/en\/activities-families\/#breadcrumb","itemListElement":[{"@type":"ListItem","position":1,"name":"Accueil","item":"https:\/\/prehistodino.com\/en\/"},{"@type":"ListItem","position":2,"name":"Activities"}]},{"@type":"WebSite","@id":"https:\/\/prehistodino.com\/#website","url":"https:\/\/prehistodino.com\/","name":"Pr\u00e9histodino parc - Lacave en Quercy","description":"Laissez-vous transporter \u00e0 l&#039;\u00e9poque des dinosaures et poursuivez votre voyage sur les traces de l&#039;homme","potentialAction":[{"@type":"SearchAction","target":{"@type":"EntryPoint","urlTemplate":"https:\/\/prehistodino.com\/?s={search_term_string}"},"query-input":{"@type":"PropertyValueSpecification","valueRequired":true,"valueName":"search_term_string"}}],"inLanguage":"en-US"}]}},"_links":{"self":[{"href":"https:\/\/prehistodino.com\/en\/wp-json\/wp\/v2\/pages\/3162","targetHints":{"allow":["GET"]}}],"collection":[{"href":"https:\/\/prehistodino.com\/en\/wp-json\/wp\/v2\/pages"}],"about":[{"href":"https:\/\/prehistodino.com\/en\/wp-json\/wp\/v2\/types\/page"}],"author":[{"embeddable":true,"href":"https:\/\/prehistodino.com\/en\/wp-json\/wp\/v2\/users\/1"}],"replies":[{"embeddable":true,"href":"https:\/\/prehistodino.com\/en\/wp-json\/wp\/v2\/comments?post=3162"}],"version-history":[{"count":6,"href":"https:\/\/prehistodino.com\/en\/wp-json\/wp\/v2\/pages\/3162\/revisions"}],"predecessor-version":[{"id":3464,"href":"https:\/\/prehistodino.com\/en\/wp-json\/wp\/v2\/pages\/3162\/revisions\/3464"}],"wp:featuredmedia":[{"embeddable":true,"href":"https:\/\/prehistodino.com\/en\/wp-json\/wp\/v2\/media\/3130"}],"wp:attachment":[{"href":"https:\/\/prehistodino.com\/en\/wp-json\/wp\/v2\/media?parent=3162"}],"curies":[{"name":"wp","href":"https:\/\/api.w.org\/{rel}","templated":true}]}}