{"id":468,"date":"2014-05-26T16:49:37","date_gmt":"2014-05-26T14:49:37","guid":{"rendered":"http:\/\/prehistodino.com\/?page_id=468"},"modified":"2026-01-15T14:55:08","modified_gmt":"2026-01-15T13:55:08","slug":"le-parc-2","status":"publish","type":"page","link":"https:\/\/prehistodino.com\/en\/","title":{"rendered":"The park"},"content":{"rendered":"<section class=\"wpb-content-wrapper\">[vc_row full_width=&#8221;stretch_row_content_no_spaces&#8221; content_placement=&#8221;top&#8221; css=&#8221;.vc_custom_1615221273248{background-image: url(https:\/\/prehistodino.com\/wp-content\/uploads\/2021\/02\/decor.jpg?id=2029) !important;background-position: 0 0 !important;background-repeat: repeat !important;}&#8221;][vc_column][vc_empty_space height=&#8221;30px&#8221;][vc_empty_space height=&#8221;30px&#8221;][vc_column_text css_animation=&#8221;fadeIn&#8221; size=&#8221;0&#8243;]\n<h2 style=\"text-align: center;\"><span style=\"color: #ffffff;\">The evolution of species, from the Big Bang to the Neolithic Era<\/span><\/h2>\n[\/vc_column_text][vc_single_image image=&#8221;3066&#8243; img_size=&#8221;full&#8221; alignment=&#8221;center&#8221; css_animation=&#8221;appear&#8221; css=&#8221;.vc_custom_1614622595047{margin-top: -30px !important;}&#8221;][vc_column_text css_animation=&#8221;left-to-right&#8221; size=&#8221;0&#8243; css=&#8221;.vc_custom_1634030069830{margin-top: -15px !important;}&#8221;]\n<h2 style=\"text-align: center;\"><span style=\"color: #000000;\">Lacave in Quercy, between Souillac and Rocamadour<br \/>\n<\/span><\/h2>\n[\/vc_column_text][\/vc_column][\/vc_row][vc_row full_width=&#8221;stretch_row_content&#8221; equal_height=&#8221;yes&#8221; content_placement=&#8221;top&#8221; css=&#8221;.vc_custom_1614251400136{background-color: #ede7da !important;background-position: center !important;background-repeat: no-repeat !important;background-size: cover !important;}&#8221;][vc_column width=&#8221;1\/3&#8243; css=&#8221;.vc_custom_1612373625925{border-right-width: 1px !important;border-right-color: #000000 !important;border-right-style: dashed !important;border-radius: 1px !important;}&#8221;][vc_column_text size=&#8221;0&#8243;]\n<h3 style=\"text-align: center;\"><span style=\"color: #bccf00;\">FREE INTRODUCTION TO PREHISTORIC ART<br \/>\n<\/span><\/h3>\n[\/vc_column_text][vc_single_image image=&#8221;3728&#8243; img_size=&#8221;full&#8221; onclick=&#8221;custom_link&#8221; css_animation=&#8221;none&#8221; el_class=&#8221;hvr-wobble-vertical&#8221;][vc_column_text size=&#8221;0&#8243;]\n<p style=\"text-align: justify;\">During the winter holidays, <strong>on Wednesdays from 2:00pm to 5:00pm<\/strong>, children are welcome to participate in a <strong>free introduction into prehistoric art<\/strong>. Just like our ancestors, they paint primitive motifs on a stone, using natural pigments and charcoal: mammoths, horses, bulls, deer and more. This activity, which complements the Prehisto-Dino Park visit, allows children to discover the different materials and techniques used by their ancestor, Cro-Magnon man. <strong>The children get to take their works of art home.<\/strong><\/p>\n<ul>\n<li><strong>This activity is suitable for children aged 4 and over.<\/strong><\/li>\n<li><strong>Duration: approximately 20 minutes.<\/strong><\/li>\n<li><strong>Book by email or telephone.<\/strong><\/li>\n<\/ul>\n[\/vc_column_text][\/vc_column][vc_column width=&#8221;1\/3&#8243; css=&#8221;.vc_custom_1612373650107{border-right-width: 1px !important;border-right-color: #000000 !important;border-right-style: dashed !important;border-radius: 1px !important;}&#8221;][vc_column_text size=&#8221;0&#8243;]\n<h3 style=\"text-align: center;\"><span style=\"color: #bccf00;\">NEW : TREASURE HUNT<br \/>\n<\/span><\/h3>\n[\/vc_column_text][vc_single_image image=&#8221;3718&#8243; img_size=&#8221;large&#8221; onclick=&#8221;custom_link&#8221; css_animation=&#8221;none&#8221; el_class=&#8221;hvr-wobble-vertical&#8221;][vc_column_text size=&#8221;0&#8243;]\n<div class=\"wpb_text_column wpb_content_element \">\n<div class=\"wpb_wrapper\">\n<div class=\"page\" title=\"Page 2\">\n<div class=\"section\">\n<div class=\"layoutArea\">\n<div class=\"column\">\n<p style=\"text-align: justify;\">Equipped with a sieve and a sandbag, you&#8217;ll sift through a recreated riverbed to discover minerals, and you&#8217;ll leave with your treasures!<\/p>\n<p style=\"text-align: justify;\"><em>No reservation required. Sandbags available for purchase in the shop.<\/em><\/p>\n<\/div>\n<\/div>\n<\/div>\n<\/div>\n<\/div>\n<\/div>\n[\/vc_column_text][\/vc_column][vc_column width=&#8221;1\/3&#8243;][vc_column_text size=&#8221;0&#8243;]\n<h3 style=\"text-align: center;\"><span style=\"color: #bccf00;\">DISCOVER THE GROTTE DES CARBONNI\u00c8RES<\/span><\/h3>\n[\/vc_column_text][vc_single_image image=&#8221;3203&#8243; img_size=&#8221;full&#8221; onclick=&#8221;custom_link&#8221; css_animation=&#8221;none&#8221; el_class=&#8221;hvr-wobble-vertical&#8221; link=&#8221;https:\/\/prehistodino.com\/en\/the-grotte\/&#8221;][vc_column_text size=&#8221;0&#8243;]\n<p style=\"text-align: justify;\"><span style=\"color: #000000;\">Located on the Prehisto Dino Parc trail, the cave known as the <strong>Grotte des Carbonni\u00e8res<\/strong> offers an exceptional underground landscape. The subtle, LED lighting enhances the thousand-year-old formations. Stalactites, stalagmites, helictites, pillars, waterfalls, draperies, and columns are revealed along a 350-metre-long stair-free walkway. <strong>Sound and light show.<\/strong> <\/span><\/p>\n[\/vc_column_text][vc_btn title=&#8221;For more information, click here&#8221; style=&#8221;outline&#8221; shape=&#8221;square&#8221; color=&#8221;inverse&#8221; size=&#8221;sm&#8221; align=&#8221;left&#8221; link=&#8221;url:https%3A%2F%2Fprehistodino.com%2Fen%2Fthe-grotte%2F|title:Grotte%20des%20carbonni%C3%A8res||&#8221; css=&#8221;.vc_custom_1634030630052{margin-top: -10px !important;}&#8221;][\/vc_column][\/vc_row][vc_row full_width=&#8221;stretch_row&#8221; css=&#8221;.vc_custom_1613117146535{background-color: #006d4f !important;background-position: center !important;background-repeat: no-repeat !important;background-size: cover !important;}&#8221;][vc_column width=&#8221;1\/6&#8243;][vc_single_image image=&#8221;2822&#8243; img_size=&#8221;full&#8221; alignment=&#8221;center&#8221; css_animation=&#8221;fadeIn&#8221;][vc_column_text size=&#8221;0&#8243;]\n<p style=\"text-align: center;\"><span style=\"color: #ffffff;\"><strong>Self-guided visit 1h<\/strong><\/span><br \/>\n<strong><span style=\"color: #ffffff;\">NO RESERVATION REQUIRED<\/span><br \/>\n<\/strong><\/p>\n[\/vc_column_text][\/vc_column][vc_column width=&#8221;1\/6&#8243;][vc_single_image image=&#8221;2823&#8243; img_size=&#8221;full&#8221; alignment=&#8221;center&#8221; css_animation=&#8221;fadeIn&#8221;][vc_column_text size=&#8221;0&#8243;]\n<p style=\"text-align: center;\"><span style=\"color: #ffffff;\"><strong>Children\u2019s quiz booklet &#8211; 0,90\u20ac (in French only) <\/strong><\/span><\/p>\n[\/vc_column_text][\/vc_column][vc_column width=&#8221;1\/6&#8243;][vc_single_image image=&#8221;2825&#8243; img_size=&#8221;full&#8221; alignment=&#8221;center&#8221; css_animation=&#8221;fadeIn&#8221;][vc_column_text size=&#8221;0&#8243;]\n<p style=\"text-align: center;\"><strong><span style=\"color: #ffffff;\">Free<\/span><br \/>\n<span style=\"color: #ffffff;\">shaded parking<br \/>\n<\/span><br \/>\n<\/strong><\/p>\n[\/vc_column_text][\/vc_column][vc_column width=&#8221;1\/6&#8243;][vc_single_image image=&#8221;3305&#8243; img_size=&#8221;full&#8221; alignment=&#8221;center&#8221; css_animation=&#8221;fadeIn&#8221;][vc_column_text size=&#8221;0&#8243;]\n<p style=\"text-align: center;\"><span style=\"color: #ffffff;\"><strong>dogs on leash accepted<\/strong><\/span><\/p>\n[\/vc_column_text][\/vc_column][vc_column width=&#8221;1\/6&#8243;][vc_single_image image=&#8221;2826&#8243; img_size=&#8221;full&#8221; alignment=&#8221;center&#8221; css_animation=&#8221;fadeIn&#8221;][vc_column_text size=&#8221;0&#8243;]\n<p style=\"text-align: center;\"><span style=\"color: #ffffff;\"><strong>Picnic area<\/strong><\/span><\/p>\n[\/vc_column_text][\/vc_column][vc_column width=&#8221;1\/6&#8243;][vc_single_image image=&#8221;3070&#8243; img_size=&#8221;full&#8221; alignment=&#8221;center&#8221; css_animation=&#8221;fadeIn&#8221;][vc_column_text size=&#8221;0&#8243;]\n<p style=\"text-align: center;\"><span style=\"color: #000000;\"><span style=\"color: #ffffff;\"><strong>Snack bar open during July and August<br \/>\n<\/strong>(except Saturdays)<\/span><strong><br \/>\n<\/strong><\/span><\/p>\n[\/vc_column_text][\/vc_column][\/vc_row][vc_row full_width=&#8221;stretch_row&#8221; css=&#8221;.vc_custom_1613117469618{background-color: #006d4f !important;}&#8221;][vc_column][vc_empty_space height=&#8221;10px&#8221;][\/vc_column][\/vc_row]\n<\/section>","protected":false},"excerpt":{"rendered":"<p>[vc_row full_width=&#8221;stretch_row_content_no_spaces&#8221; content_placement=&#8221;top&#8221; css=&#8221;.vc_custom_1615221273248{background-image: url(https:\/\/prehistodino.com\/wp-content\/uploads\/2021\/02\/decor.jpg?id=2029) !important;background-position: 0 0 !important;background-repeat: repeat !important;}&#8221;][vc_column][vc_empty_space height=&#8221;30px&#8221;][vc_empty_space height=&#8221;30px&#8221;][vc_column_text css_animation=&#8221;fadeIn&#8221; size=&#8221;0&#8243;] The evolution of species, from [&hellip;]<\/p>\n","protected":false},"author":1,"featured_media":3201,"parent":0,"menu_order":0,"comment_status":"closed","ping_status":"closed","template":"","meta":{"footnotes":""},"class_list":["post-468","page","type-page","status-publish","has-post-thumbnail","hentry"],"yoast_head":"<!-- This site is optimized with the Yoast SEO plugin v27.1.1 - https:\/\/yoast.com\/product\/yoast-seo-wordpress\/ -->\n<title>Prehisto Dino Park - Lacave en Quercy (between Rocamadour and Souillac)<\/title>\n<meta name=\"description\" content=\"The evolution of the species from the big-bang to the Neolithic. Visit Prehisto Dino Park in Lacave between Rocamadour and Souillac in the Lot\" \/>\n<meta name=\"robots\" content=\"index, follow, max-snippet:-1, max-image-preview:large, max-video-preview:-1\" \/>\n<link rel=\"canonical\" href=\"https:\/\/prehistodino.com\/en\/\" \/>\n<meta property=\"og:locale\" content=\"en_US\" \/>\n<meta property=\"og:type\" content=\"article\" \/>\n<meta property=\"og:title\" content=\"Prehisto Dino Park - Lacave en Quercy (between Rocamadour and Souillac)\" \/>\n<meta property=\"og:description\" content=\"The evolution of the species from the big-bang to the Neolithic. Visit Prehisto Dino Park in Lacave between Rocamadour and Souillac in the Lot\" \/>\n<meta property=\"og:url\" content=\"https:\/\/prehistodino.com\/en\/\" \/>\n<meta property=\"og:site_name\" content=\"Pr\u00e9histodino parc - Lacave en Quercy\" \/>\n<meta property=\"article:modified_time\" content=\"2026-01-15T13:55:08+00:00\" \/>\n<meta property=\"og:image\" content=\"https:\/\/prehistodino.com\/wp-content\/uploads\/2021\/10\/LESPINOSAURE2-copie.jpg\" \/>\n\t<meta property=\"og:image:width\" content=\"800\" \/>\n\t<meta property=\"og:image:height\" content=\"747\" \/>\n\t<meta property=\"og:image:type\" content=\"image\/jpeg\" \/>\n<meta name=\"twitter:card\" content=\"summary_large_image\" \/>\n<meta name=\"twitter:label1\" content=\"Est. reading time\" \/>\n\t<meta name=\"twitter:data1\" content=\"5 minutes\" \/>\n<script type=\"application\/ld+json\" class=\"yoast-schema-graph\">{\"@context\":\"https:\/\/schema.org\",\"@graph\":[{\"@type\":\"WebPage\",\"@id\":\"https:\/\/prehistodino.com\/en\/\",\"url\":\"https:\/\/prehistodino.com\/en\/\",\"name\":\"Prehisto Dino Park - Lacave en Quercy (between Rocamadour and Souillac)\",\"isPartOf\":{\"@id\":\"https:\/\/prehistodino.com\/#website\"},\"primaryImageOfPage\":{\"@id\":\"https:\/\/prehistodino.com\/en\/#primaryimage\"},\"image\":{\"@id\":\"https:\/\/prehistodino.com\/en\/#primaryimage\"},\"thumbnailUrl\":\"https:\/\/prehistodino.com\/wp-content\/uploads\/2021\/10\/LESPINOSAURE2-copie.jpg\",\"datePublished\":\"2014-05-26T14:49:37+00:00\",\"dateModified\":\"2026-01-15T13:55:08+00:00\",\"description\":\"The evolution of the species from the big-bang to the Neolithic. Visit Prehisto Dino Park in Lacave between Rocamadour and Souillac in the Lot\",\"breadcrumb\":{\"@id\":\"https:\/\/prehistodino.com\/en\/#breadcrumb\"},\"inLanguage\":\"en-US\",\"potentialAction\":[{\"@type\":\"ReadAction\",\"target\":[\"https:\/\/prehistodino.com\/en\/\"]}]},{\"@type\":\"ImageObject\",\"inLanguage\":\"en-US\",\"@id\":\"https:\/\/prehistodino.com\/en\/#primaryimage\",\"url\":\"https:\/\/prehistodino.com\/wp-content\/uploads\/2021\/10\/LESPINOSAURE2-copie.jpg\",\"contentUrl\":\"https:\/\/prehistodino.com\/wp-content\/uploads\/2021\/10\/LESPINOSAURE2-copie.jpg\",\"width\":800,\"height\":747,\"caption\":\"The evolution of the species from the big-bang to the Neolithic. Visit Prehisto Dino Park in Lacave between Rocamadour and Souillac in the Lot\"},{\"@type\":\"BreadcrumbList\",\"@id\":\"https:\/\/prehistodino.com\/en\/#breadcrumb\",\"itemListElement\":[{\"@type\":\"ListItem\",\"position\":1,\"name\":\"Accueil\",\"item\":\"https:\/\/prehistodino.com\/en\/\"},{\"@type\":\"ListItem\",\"position\":2,\"name\":\"The park\"}]},{\"@type\":\"WebSite\",\"@id\":\"https:\/\/prehistodino.com\/#website\",\"url\":\"https:\/\/prehistodino.com\/\",\"name\":\"Pr\u00e9histodino parc - Lacave en Quercy\",\"description\":\"Laissez-vous transporter \u00e0 l&#039;\u00e9poque des dinosaures et poursuivez votre voyage sur les traces de l&#039;homme\",\"potentialAction\":[{\"@type\":\"SearchAction\",\"target\":{\"@type\":\"EntryPoint\",\"urlTemplate\":\"https:\/\/prehistodino.com\/?s={search_term_string}\"},\"query-input\":{\"@type\":\"PropertyValueSpecification\",\"valueRequired\":true,\"valueName\":\"search_term_string\"}}],\"inLanguage\":\"en-US\"}]}<\/script>\n<!-- \/ Yoast SEO plugin. -->","yoast_head_json":{"title":"Prehisto Dino Park - Lacave en Quercy (between Rocamadour and Souillac)","description":"The evolution of the species from the big-bang to the Neolithic. Visit Prehisto Dino Park in Lacave between Rocamadour and Souillac in the Lot","robots":{"index":"index","follow":"follow","max-snippet":"max-snippet:-1","max-image-preview":"max-image-preview:large","max-video-preview":"max-video-preview:-1"},"canonical":"https:\/\/prehistodino.com\/en\/","og_locale":"en_US","og_type":"article","og_title":"Prehisto Dino Park - Lacave en Quercy (between Rocamadour and Souillac)","og_description":"The evolution of the species from the big-bang to the Neolithic. Visit Prehisto Dino Park in Lacave between Rocamadour and Souillac in the Lot","og_url":"https:\/\/prehistodino.com\/en\/","og_site_name":"Pr\u00e9histodino parc - Lacave en Quercy","article_modified_time":"2026-01-15T13:55:08+00:00","og_image":[{"width":800,"height":747,"url":"https:\/\/prehistodino.com\/wp-content\/uploads\/2021\/10\/LESPINOSAURE2-copie.jpg","type":"image\/jpeg"}],"twitter_card":"summary_large_image","twitter_misc":{"Est. reading time":"5 minutes"},"schema":{"@context":"https:\/\/schema.org","@graph":[{"@type":"WebPage","@id":"https:\/\/prehistodino.com\/en\/","url":"https:\/\/prehistodino.com\/en\/","name":"Prehisto Dino Park - Lacave en Quercy (between Rocamadour and Souillac)","isPartOf":{"@id":"https:\/\/prehistodino.com\/#website"},"primaryImageOfPage":{"@id":"https:\/\/prehistodino.com\/en\/#primaryimage"},"image":{"@id":"https:\/\/prehistodino.com\/en\/#primaryimage"},"thumbnailUrl":"https:\/\/prehistodino.com\/wp-content\/uploads\/2021\/10\/LESPINOSAURE2-copie.jpg","datePublished":"2014-05-26T14:49:37+00:00","dateModified":"2026-01-15T13:55:08+00:00","description":"The evolution of the species from the big-bang to the Neolithic. Visit Prehisto Dino Park in Lacave between Rocamadour and Souillac in the Lot","breadcrumb":{"@id":"https:\/\/prehistodino.com\/en\/#breadcrumb"},"inLanguage":"en-US","potentialAction":[{"@type":"ReadAction","target":["https:\/\/prehistodino.com\/en\/"]}]},{"@type":"ImageObject","inLanguage":"en-US","@id":"https:\/\/prehistodino.com\/en\/#primaryimage","url":"https:\/\/prehistodino.com\/wp-content\/uploads\/2021\/10\/LESPINOSAURE2-copie.jpg","contentUrl":"https:\/\/prehistodino.com\/wp-content\/uploads\/2021\/10\/LESPINOSAURE2-copie.jpg","width":800,"height":747,"caption":"The evolution of the species from the big-bang to the Neolithic. Visit Prehisto Dino Park in Lacave between Rocamadour and Souillac in the Lot"},{"@type":"BreadcrumbList","@id":"https:\/\/prehistodino.com\/en\/#breadcrumb","itemListElement":[{"@type":"ListItem","position":1,"name":"Accueil","item":"https:\/\/prehistodino.com\/en\/"},{"@type":"ListItem","position":2,"name":"The park"}]},{"@type":"WebSite","@id":"https:\/\/prehistodino.com\/#website","url":"https:\/\/prehistodino.com\/","name":"Pr\u00e9histodino parc - Lacave en Quercy","description":"Laissez-vous transporter \u00e0 l&#039;\u00e9poque des dinosaures et poursuivez votre voyage sur les traces de l&#039;homme","potentialAction":[{"@type":"SearchAction","target":{"@type":"EntryPoint","urlTemplate":"https:\/\/prehistodino.com\/?s={search_term_string}"},"query-input":{"@type":"PropertyValueSpecification","valueRequired":true,"valueName":"search_term_string"}}],"inLanguage":"en-US"}]}},"_links":{"self":[{"href":"https:\/\/prehistodino.com\/en\/wp-json\/wp\/v2\/pages\/468","targetHints":{"allow":["GET"]}}],"collection":[{"href":"https:\/\/prehistodino.com\/en\/wp-json\/wp\/v2\/pages"}],"about":[{"href":"https:\/\/prehistodino.com\/en\/wp-json\/wp\/v2\/types\/page"}],"author":[{"embeddable":true,"href":"https:\/\/prehistodino.com\/en\/wp-json\/wp\/v2\/users\/1"}],"replies":[{"embeddable":true,"href":"https:\/\/prehistodino.com\/en\/wp-json\/wp\/v2\/comments?post=468"}],"version-history":[{"count":28,"href":"https:\/\/prehistodino.com\/en\/wp-json\/wp\/v2\/pages\/468\/revisions"}],"predecessor-version":[{"id":3730,"href":"https:\/\/prehistodino.com\/en\/wp-json\/wp\/v2\/pages\/468\/revisions\/3730"}],"wp:featuredmedia":[{"embeddable":true,"href":"https:\/\/prehistodino.com\/en\/wp-json\/wp\/v2\/media\/3201"}],"wp:attachment":[{"href":"https:\/\/prehistodino.com\/en\/wp-json\/wp\/v2\/media?parent=468"}],"curies":[{"name":"wp","href":"https:\/\/api.w.org\/{rel}","templated":true}]}}