{"id":478,"date":"2014-05-19T11:38:46","date_gmt":"2014-05-19T09:38:46","guid":{"rendered":"http:\/\/prehistodino.com\/?page_id=478"},"modified":"2026-05-01T11:24:12","modified_gmt":"2026-05-01T09:24:12","slug":"practical-information","status":"publish","type":"page","link":"https:\/\/prehistodino.com\/en\/practical-information\/","title":{"rendered":"Practical information"},"content":{"rendered":"<section class=\"wpb-content-wrapper\">[vc_row full_width=&#8221;stretch_row_content&#8221; css=&#8221;.vc_custom_1614806539136{background-image: url(https:\/\/prehistodino.com\/wp-content\/uploads\/2021\/03\/boutique.jpg?id=2347) !important;background-position: center !important;background-repeat: no-repeat !important;background-size: cover !important;}&#8221;][vc_column][vc_empty_space height=&#8221;450px&#8221;][vc_column_text size=&#8221;0&#8243;][\/vc_column_text][\/vc_column][\/vc_row][vc_row full_width=&#8221;stretch_row&#8221; css=&#8221;.vc_custom_1614719356939{background-color: #ede7da !important;}&#8221;][vc_column width=&#8221;1\/5&#8243;][vc_column_text size=&#8221;0&#8243;]\n<p style=\"text-align: center;\"><img loading=\"lazy\" decoding=\"async\" class=\"aligncenter wp-image-2287\" src=\"https:\/\/prehistodino.com\/wp-content\/uploads\/2021\/03\/time.svg\" alt=\"\" width=\"81\" height=\"82\" \/><br \/>\nDuration of the visit: 1 hour (park only)<br \/>\n2 hours (with the visit to the Grotte) <strong><br \/>\nNO RESERVATION REQUIRED<\/strong><\/p>\n<div class=\"mask opaque-background\"><\/div>\n[\/vc_column_text][\/vc_column][vc_column width=&#8221;1\/5&#8243;][vc_column_text size=&#8221;0&#8243;]\n<p style=\"text-align: center;\"><img decoding=\"async\" class=\"aligncenter wp-image-2288\" src=\"https:\/\/prehistodino.com\/wp-content\/uploads\/2021\/03\/sifnale.svg\" alt=\"\" width=\"81\" \/><br \/>\nFun and educational signs<img loading=\"lazy\" decoding=\"async\" class=\"aligncenter\" src=\"https:\/\/prehistodino.com\/wp-content\/uploads\/2014\/05\/drapeaux.png\" alt=\"\" width=\"90\" height=\"17\" \/><\/p>\n[\/vc_column_text][\/vc_column][vc_column width=&#8221;1\/5&#8243;][vc_column_text size=&#8221;0&#8243;]\n<p style=\"text-align: center;\"><a href=\"https:\/\/prehistodino.com\/wp-content\/uploads\/2021\/03\/son.svg\"><img decoding=\"async\" class=\"aligncenter wp-image-2289\" src=\"https:\/\/prehistodino.com\/wp-content\/uploads\/2021\/03\/son.svg\" alt=\"\" width=\"81\" \/><\/a><br \/>\nSound system<\/p>\n[\/vc_column_text][\/vc_column][vc_column width=&#8221;1\/5&#8243;][vc_column_text size=&#8221;0&#8243;]\n<p style=\"text-align: center;\"><img decoding=\"async\" class=\"wp-image-2290 aligncenter\" src=\"https:\/\/prehistodino.com\/wp-content\/uploads\/2021\/03\/parking.svg\" alt=\"\" width=\"83\" \/><br \/>\nFree shaded car park, accessible to coaches<\/p>\n[\/vc_column_text][\/vc_column][vc_column width=&#8221;1\/5&#8243;][vc_column_text size=&#8221;0&#8243;]\n<p style=\"text-align: center;\"><img decoding=\"async\" class=\"aligncenter wp-image-2291\" src=\"https:\/\/prehistodino.com\/wp-content\/uploads\/2021\/03\/picnique.svg\" alt=\"\" width=\"83\" \/><br \/>\nPicnic area<\/p>\n[\/vc_column_text][\/vc_column][\/vc_row][vc_row full_width=&#8221;stretch_row&#8221; curly_padding=&#8221;content-padding-none&#8221; css=&#8221;.vc_custom_1699337827206{background-color: #ede7da !important;}&#8221;][vc_column width=&#8221;1\/5&#8243;][vc_column_text size=&#8221;0&#8243;]\n<p style=\"text-align: center;\"><img decoding=\"async\" class=\"wp-image-2292 aligncenter\" src=\"https:\/\/prehistodino.com\/wp-content\/uploads\/2021\/03\/snack.svg\" alt=\"\" width=\"83\" \/><br \/>\nSandwich shop open during the extended weekends in May: May 1st, May 8th, Ascension and Pentecost, as well as the weekend of May 30th and 31st.<\/p>\n[\/vc_column_text][\/vc_column][vc_column width=&#8221;1\/5&#8243;][vc_column_text size=&#8221;0&#8243;]\n<p style=\"text-align: center;\"><img decoding=\"async\" class=\"aligncenter wp-image-2293\" src=\"https:\/\/prehistodino.com\/wp-content\/uploads\/2021\/03\/chienlaisse.svg\" alt=\"\" width=\"83\" \/><br \/>\nDogs allowed on leads<\/p>\n[\/vc_column_text][\/vc_column][vc_column width=&#8221;1\/5&#8243;][vc_column_text size=&#8221;0&#8243;]\n<p style=\"text-align: center;\"><img decoding=\"async\" class=\"wp-image-2277 aligncenter\" src=\"https:\/\/prehistodino.com\/wp-content\/uploads\/2021\/03\/photook.svg\" alt=\"\" width=\"83\" \/><br \/>\nPhotos permitted<\/p>\n[\/vc_column_text][\/vc_column][vc_column width=&#8221;1\/5&#8243;][vc_column_text size=&#8221;0&#8243;]\n<p style=\"text-align: center;\"><img decoding=\"async\" class=\"wp-image-2294 aligncenter\" src=\"https:\/\/prehistodino.com\/wp-content\/uploads\/2021\/03\/boutique.svg\" alt=\"\" width=\"83\" \/><br \/>\nDinosaur, prehistoric, and fossil souvenir shop<\/p>\n[\/vc_column_text][\/vc_column][vc_column width=&#8221;1\/5&#8243;][vc_empty_space height=&#8221;20px&#8221;][vc_column_text size=&#8221;0&#8243;]\n<p style=\"text-align: center;\"><img loading=\"lazy\" decoding=\"async\" class=\"size-full wp-image-2186 aligncenter\" src=\"https:\/\/prehistodino.com\/wp-content\/uploads\/2021\/02\/payment-noir.png\" alt=\"\" width=\"232\" height=\"46\" \/><br \/>\nPayment methods accepted<\/p>\n[\/vc_column_text][vc_empty_space height=&#8221;20px&#8221;][\/vc_column][\/vc_row][vc_row full_width=&#8221;stretch_row&#8221; curly_padding=&#8221;content-padding-none&#8221; css=&#8221;.vc_custom_1699337679975{background-color: #ede7da !important;}&#8221;][vc_column width=&#8221;1\/2&#8243;][vc_btn title=&#8221;Download the menu&#8221; style=&#8221;classic&#8221; shape=&#8221;square&#8221; color=&#8221;white&#8221; link=&#8221;url:https%3A%2F%2Fprehistodino.com%2Fwp-content%2Fuploads%2F2026%2F04%2FLa-Sandwicherie-ANGLAIS.pdf&#8221;][vc_btn title=&#8221;Download the leaflet&#8221; style=&#8221;outline&#8221; shape=&#8221;square&#8221; color=&#8221;black&#8221; align=&#8221;left&#8221; i_icon_fontawesome=&#8221;&#8221; add_icon=&#8221;true&#8221; link=&#8221;url:https%3A%2F%2Fprehistodino.com%2Fwp-content%2Fuploads%2F2026%2F03%2FDepliant-PREHISTO-DINO-2026.pdf|target:_blank&#8221;][vc_empty_space height=&#8221;20px&#8221;][\/vc_column][vc_column width=&#8221;1\/2&#8243;][\/vc_column][\/vc_row][vc_row full_width=&#8221;stretch_row&#8221; equal_height=&#8221;yes&#8221; curly_padding=&#8221;content-padding-none&#8221; css=&#8221;.vc_custom_1699337780893{background-color: #006d4f !important;background-position: center !important;background-repeat: no-repeat !important;background-size: cover !important;}&#8221;][vc_column][vc_empty_space height=&#8221;15px&#8221;][vc_empty_space height=&#8221;15px&#8221;][vc_column_text css_animation=&#8221;fadeIn&#8221; size=&#8221;0&#8243;]\n<h1 style=\"text-align: center;\"><span style=\"color: #ffffff;\">Situation &amp; access<\/span><\/h1>\n<p>s[\/vc_column_text][\/vc_column][\/vc_row][vc_row full_width=&#8221;stretch_row&#8221; curly_padding=&#8221;content-padding-none&#8221; css=&#8221;.vc_custom_1699337862833{background-color: #006d4f !important;}&#8221;][vc_column width=&#8221;2\/3&#8243;][vc_column_text size=&#8221;0&#8243;]<span style=\"color: #ffffff;\"><span class=\"sentence-wrapper_without-hover ng-star-inserted\"><strong>The Prehisto Dino Parc<\/strong> is located in the municipality of <strong>Lacave<\/strong> (46), <strong>6 kilometres from Rocamadour<\/strong> and is accessible via the A20 motorway (exit 55).<\/span><br \/>\n<\/span>[\/vc_column_text][vc_single_image image=&#8221;2827&#8243; img_size=&#8221;full&#8221; onclick=&#8221;link_image&#8221; css_animation=&#8221;fadeInLeft&#8221;][vc_empty_space height=&#8221;15px&#8221;][\/vc_column][vc_column width=&#8221;1\/3&#8243;][vc_column_text size=&#8221;0&#8243;]<span style=\"color: #ffffff;\">The park is situated:<\/span><\/p>\n<p><span style=\"color: #ffffff;\">50 minutes from Brive<\/span><br \/>\n<span style=\"color: #ffffff;\">1h from Cahors<\/span><br \/>\n<span style=\"color: #ffffff;\">1h30 from Montauban<\/span><br \/>\n<span style=\"color: #ffffff;\">1h40 from P\u00e9rigueux<\/span><br \/>\n<span style=\"color: #ffffff;\">1h40 from Aurillac<\/span><br \/>\n<span style=\"color: #ffffff;\">1h45 from Limoges<\/span><br \/>\n<span style=\"color: #ffffff;\">2h from Toulouse<\/span><br \/>\n<span style=\"color: #ffffff;\">2h from Agen<\/span><br \/>\n<span style=\"color: #ffffff;\">2h from Rodez<\/span><br \/>\n<span style=\"color: #ffffff;\">3h from Bordeaux<\/span>[\/vc_column_text][vc_column_text size=&#8221;0&#8243;]<span style=\"color: #ffffff;\"><strong>GPS coordinates<\/strong><\/span><br \/>\n<span style=\"color: #ffffff;\">Latitude: 44.8305<\/span><br \/>\n<span style=\"color: #ffffff;\">Longitude: 1.566734<\/span>[\/vc_column_text][vc_empty_space height=&#8221;15px&#8221;][vc_btn title=&#8221;calculate your itinerary&#8221; style=&#8221;flat&#8221; shape=&#8221;square&#8221; color=&#8221;black&#8221; i_icon_fontawesome=&#8221;fa fa-map-marker&#8221; add_icon=&#8221;true&#8221; link=&#8221;url:https%3A%2F%2Fwww.google.fr%2Fmaps%2Fplace%2FPrehisto%2BDino%2BParc%2F%4044.8277675%2C1.5555134%2C14.25z%2Fdata%3D!4m5!3m4!1s0x12acc632c7a04ba9%3A0x97e373ff85000f88!8m2!3d44.8305231!4d1.5668281|title:Calculez%20votre%20itin%C3%A9raire|target:%20_blank|&#8221;][vc_empty_space height=&#8221;15px&#8221;][vc_empty_space height=&#8221;15px&#8221;][\/vc_column][\/vc_row][vc_row full_width=&#8221;stretch_row_content_no_spaces&#8221; curly_padding=&#8221;content-padding-none&#8221; css=&#8221;.vc_custom_1699338000804{margin-top: -30px !important;}&#8221;][vc_column][vc_column_text size=&#8221;0&#8243;]<div id=\"wpgmza_map\" class=\"wpgmza_map\" data-settings='{\"id\":\"1\",\"map_title\":\"My first map\",\"map_width\":\"100\",\"map_height\":\"400\",\"map_start_lat\":\"44.830556\",\"map_start_lng\":\"1.566882\",\"map_start_location\":\"44.830555790953326,1.5668816214524683\",\"map_start_zoom\":\"14\",\"default_marker\":\"0\",\"type\":\"1\",\"alignment\":\"4\",\"directions_enabled\":\"1\",\"styling_enabled\":\"0\",\"styling_json\":\"\",\"active\":\"0\",\"kml\":\"\",\"bicycle\":\"0\",\"traffic\":\"0\",\"dbox\":\"1\",\"dbox_width\":\"100\",\"listmarkers\":\"0\",\"listmarkers_advanced\":\"0\",\"filterbycat\":\"0\",\"ugm_enabled\":\"0\",\"ugm_category_enabled\":\"0\",\"fusion\":\"\",\"map_width_type\":\"\\\\%\",\"map_height_type\":\"px\",\"mass_marker_support\":\"1\",\"ugm_access\":\"0\",\"order_markers_by\":\"1\",\"order_markers_choice\":\"2\",\"show_user_location\":\"0\",\"default_to\":\"\",\"other_settings\":{\"store_locator_enabled\":2,\"store_locator_distance\":2,\"store_locator_default_radius\":10,\"store_locator_not_found_message\":\"No results found in this location. Please try again.\",\"store_locator_bounce\":1,\"store_locator_query_string\":\"Code Postal \\\/ Adresse\",\"store_locator_default_address\":\"\",\"wpgmza_store_locator_restrict\":\"\",\"wpgmza_store_locator_radius_style\":\"modern\",\"map_max_zoom\":\"1\",\"transport_layer\":0,\"wpgmza_theme_data\":\"\",\"wpgmza_show_points_of_interest\":1,\"wpgmza_auto_night\":0}}' data-map-id='1' Data-maps-engine='open-layers' data-shortcode-attributes='{\"id\":\"1\"}' style=\"display:block; overflow:auto; width:100%; height:400px; float:left;\"><\/div>[\/vc_column_text][\/vc_column][\/vc_row]\n<\/section>","protected":false},"excerpt":{"rendered":"<p>[vc_row full_width=&#8221;stretch_row_content&#8221; css=&#8221;.vc_custom_1614806539136{background-image: url(https:\/\/prehistodino.com\/wp-content\/uploads\/2021\/03\/boutique.jpg?id=2347) !important;background-position: center !important;background-repeat: no-repeat !important;background-size: cover !important;}&#8221;][vc_column][vc_empty_space height=&#8221;450px&#8221;][vc_column_text size=&#8221;0&#8243;][\/vc_column_text][\/vc_column][\/vc_row][vc_row full_width=&#8221;stretch_row&#8221; css=&#8221;.vc_custom_1614719356939{background-color: #ede7da !important;}&#8221;][vc_column width=&#8221;1\/5&#8243;][vc_column_text size=&#8221;0&#8243;] Duration [&hellip;]<\/p>\n","protected":false},"author":1,"featured_media":0,"parent":0,"menu_order":0,"comment_status":"closed","ping_status":"closed","template":"","meta":{"footnotes":""},"class_list":["post-478","page","type-page","status-publish","hentry"],"yoast_head":"<!-- This site is optimized with the Yoast SEO plugin v27.1.1 - https:\/\/yoast.com\/product\/yoast-seo-wordpress\/ -->\n<title>Practical information - Pr\u00e9histodino parc - Lacave en Quercy<\/title>\n<meta name=\"robots\" content=\"index, follow, max-snippet:-1, max-image-preview:large, max-video-preview:-1\" \/>\n<link rel=\"canonical\" href=\"https:\/\/prehistodino.com\/en\/practical-information\/\" \/>\n<meta property=\"og:locale\" content=\"en_US\" \/>\n<meta property=\"og:type\" content=\"article\" \/>\n<meta property=\"og:title\" content=\"Practical information - Pr\u00e9histodino parc - Lacave en Quercy\" \/>\n<meta property=\"og:description\" content=\"[vc_row full_width=&#8221;stretch_row_content&#8221; css=&#8221;.vc_custom_1614806539136{background-image: url(https:\/\/prehistodino.com\/wp-content\/uploads\/2021\/03\/boutique.jpg?id=2347) !important;background-position: center !important;background-repeat: no-repeat !important;background-size: cover !important;}&#8221;][vc_column][vc_empty_space height=&#8221;450px&#8221;][vc_column_text size=&#8221;0&#8243;][\/vc_column_text][\/vc_column][\/vc_row][vc_row full_width=&#8221;stretch_row&#8221; css=&#8221;.vc_custom_1614719356939{background-color: #ede7da !important;}&#8221;][vc_column width=&#8221;1\/5&#8243;][vc_column_text size=&#8221;0&#8243;] Duration [&hellip;]\" \/>\n<meta property=\"og:url\" content=\"https:\/\/prehistodino.com\/en\/practical-information\/\" \/>\n<meta property=\"og:site_name\" content=\"Pr\u00e9histodino parc - Lacave en Quercy\" \/>\n<meta property=\"article:modified_time\" content=\"2026-05-01T09:24:12+00:00\" \/>\n<meta name=\"twitter:card\" content=\"summary_large_image\" \/>\n<meta name=\"twitter:label1\" content=\"Est. reading time\" \/>\n\t<meta name=\"twitter:data1\" content=\"4 minutes\" \/>\n<script type=\"application\/ld+json\" class=\"yoast-schema-graph\">{\"@context\":\"https:\/\/schema.org\",\"@graph\":[{\"@type\":\"WebPage\",\"@id\":\"https:\/\/prehistodino.com\/en\/practical-information\/\",\"url\":\"https:\/\/prehistodino.com\/en\/practical-information\/\",\"name\":\"Practical information - Pr\u00e9histodino parc - Lacave en Quercy\",\"isPartOf\":{\"@id\":\"https:\/\/prehistodino.com\/#website\"},\"primaryImageOfPage\":{\"@id\":\"https:\/\/prehistodino.com\/en\/practical-information\/#primaryimage\"},\"image\":{\"@id\":\"https:\/\/prehistodino.com\/en\/practical-information\/#primaryimage\"},\"thumbnailUrl\":\"https:\/\/prehistodino.com\/wp-content\/uploads\/2021\/03\/time.svg\",\"datePublished\":\"2014-05-19T09:38:46+00:00\",\"dateModified\":\"2026-05-01T09:24:12+00:00\",\"breadcrumb\":{\"@id\":\"https:\/\/prehistodino.com\/en\/practical-information\/#breadcrumb\"},\"inLanguage\":\"en-US\",\"potentialAction\":[{\"@type\":\"ReadAction\",\"target\":[\"https:\/\/prehistodino.com\/en\/practical-information\/\"]}]},{\"@type\":\"ImageObject\",\"inLanguage\":\"en-US\",\"@id\":\"https:\/\/prehistodino.com\/en\/practical-information\/#primaryimage\",\"url\":\"https:\/\/prehistodino.com\/wp-content\/uploads\/2021\/03\/time.svg\",\"contentUrl\":\"https:\/\/prehistodino.com\/wp-content\/uploads\/2021\/03\/time.svg\"},{\"@type\":\"BreadcrumbList\",\"@id\":\"https:\/\/prehistodino.com\/en\/practical-information\/#breadcrumb\",\"itemListElement\":[{\"@type\":\"ListItem\",\"position\":1,\"name\":\"Accueil\",\"item\":\"https:\/\/prehistodino.com\/en\/\"},{\"@type\":\"ListItem\",\"position\":2,\"name\":\"Practical information\"}]},{\"@type\":\"WebSite\",\"@id\":\"https:\/\/prehistodino.com\/#website\",\"url\":\"https:\/\/prehistodino.com\/\",\"name\":\"Pr\u00e9histodino parc - Lacave en Quercy\",\"description\":\"Laissez-vous transporter \u00e0 l&#039;\u00e9poque des dinosaures et poursuivez votre voyage sur les traces de l&#039;homme\",\"potentialAction\":[{\"@type\":\"SearchAction\",\"target\":{\"@type\":\"EntryPoint\",\"urlTemplate\":\"https:\/\/prehistodino.com\/?s={search_term_string}\"},\"query-input\":{\"@type\":\"PropertyValueSpecification\",\"valueRequired\":true,\"valueName\":\"search_term_string\"}}],\"inLanguage\":\"en-US\"}]}<\/script>\n<!-- \/ Yoast SEO plugin. -->","yoast_head_json":{"title":"Practical information - Pr\u00e9histodino parc - Lacave en Quercy","robots":{"index":"index","follow":"follow","max-snippet":"max-snippet:-1","max-image-preview":"max-image-preview:large","max-video-preview":"max-video-preview:-1"},"canonical":"https:\/\/prehistodino.com\/en\/practical-information\/","og_locale":"en_US","og_type":"article","og_title":"Practical information - Pr\u00e9histodino parc - Lacave en Quercy","og_description":"[vc_row full_width=&#8221;stretch_row_content&#8221; css=&#8221;.vc_custom_1614806539136{background-image: url(https:\/\/prehistodino.com\/wp-content\/uploads\/2021\/03\/boutique.jpg?id=2347) !important;background-position: center !important;background-repeat: no-repeat !important;background-size: cover !important;}&#8221;][vc_column][vc_empty_space height=&#8221;450px&#8221;][vc_column_text size=&#8221;0&#8243;][\/vc_column_text][\/vc_column][\/vc_row][vc_row full_width=&#8221;stretch_row&#8221; css=&#8221;.vc_custom_1614719356939{background-color: #ede7da !important;}&#8221;][vc_column width=&#8221;1\/5&#8243;][vc_column_text size=&#8221;0&#8243;] Duration [&hellip;]","og_url":"https:\/\/prehistodino.com\/en\/practical-information\/","og_site_name":"Pr\u00e9histodino parc - Lacave en Quercy","article_modified_time":"2026-05-01T09:24:12+00:00","twitter_card":"summary_large_image","twitter_misc":{"Est. reading time":"4 minutes"},"schema":{"@context":"https:\/\/schema.org","@graph":[{"@type":"WebPage","@id":"https:\/\/prehistodino.com\/en\/practical-information\/","url":"https:\/\/prehistodino.com\/en\/practical-information\/","name":"Practical information - Pr\u00e9histodino parc - Lacave en Quercy","isPartOf":{"@id":"https:\/\/prehistodino.com\/#website"},"primaryImageOfPage":{"@id":"https:\/\/prehistodino.com\/en\/practical-information\/#primaryimage"},"image":{"@id":"https:\/\/prehistodino.com\/en\/practical-information\/#primaryimage"},"thumbnailUrl":"https:\/\/prehistodino.com\/wp-content\/uploads\/2021\/03\/time.svg","datePublished":"2014-05-19T09:38:46+00:00","dateModified":"2026-05-01T09:24:12+00:00","breadcrumb":{"@id":"https:\/\/prehistodino.com\/en\/practical-information\/#breadcrumb"},"inLanguage":"en-US","potentialAction":[{"@type":"ReadAction","target":["https:\/\/prehistodino.com\/en\/practical-information\/"]}]},{"@type":"ImageObject","inLanguage":"en-US","@id":"https:\/\/prehistodino.com\/en\/practical-information\/#primaryimage","url":"https:\/\/prehistodino.com\/wp-content\/uploads\/2021\/03\/time.svg","contentUrl":"https:\/\/prehistodino.com\/wp-content\/uploads\/2021\/03\/time.svg"},{"@type":"BreadcrumbList","@id":"https:\/\/prehistodino.com\/en\/practical-information\/#breadcrumb","itemListElement":[{"@type":"ListItem","position":1,"name":"Accueil","item":"https:\/\/prehistodino.com\/en\/"},{"@type":"ListItem","position":2,"name":"Practical information"}]},{"@type":"WebSite","@id":"https:\/\/prehistodino.com\/#website","url":"https:\/\/prehistodino.com\/","name":"Pr\u00e9histodino parc - Lacave en Quercy","description":"Laissez-vous transporter \u00e0 l&#039;\u00e9poque des dinosaures et poursuivez votre voyage sur les traces de l&#039;homme","potentialAction":[{"@type":"SearchAction","target":{"@type":"EntryPoint","urlTemplate":"https:\/\/prehistodino.com\/?s={search_term_string}"},"query-input":{"@type":"PropertyValueSpecification","valueRequired":true,"valueName":"search_term_string"}}],"inLanguage":"en-US"}]}},"_links":{"self":[{"href":"https:\/\/prehistodino.com\/en\/wp-json\/wp\/v2\/pages\/478","targetHints":{"allow":["GET"]}}],"collection":[{"href":"https:\/\/prehistodino.com\/en\/wp-json\/wp\/v2\/pages"}],"about":[{"href":"https:\/\/prehistodino.com\/en\/wp-json\/wp\/v2\/types\/page"}],"author":[{"embeddable":true,"href":"https:\/\/prehistodino.com\/en\/wp-json\/wp\/v2\/users\/1"}],"replies":[{"embeddable":true,"href":"https:\/\/prehistodino.com\/en\/wp-json\/wp\/v2\/comments?post=478"}],"version-history":[{"count":39,"href":"https:\/\/prehistodino.com\/en\/wp-json\/wp\/v2\/pages\/478\/revisions"}],"predecessor-version":[{"id":3791,"href":"https:\/\/prehistodino.com\/en\/wp-json\/wp\/v2\/pages\/478\/revisions\/3791"}],"wp:attachment":[{"href":"https:\/\/prehistodino.com\/en\/wp-json\/wp\/v2\/media?parent=478"}],"curies":[{"name":"wp","href":"https:\/\/api.w.org\/{rel}","templated":true}]}}