{"id":484,"date":"2014-05-28T23:54:56","date_gmt":"2014-05-28T21:54:56","guid":{"rendered":"http:\/\/prehistodino.com\/?page_id=484"},"modified":"2014-07-17T12:01:33","modified_gmt":"2014-07-17T10:01:33","slug":"patenaires-2","status":"publish","type":"page","link":"https:\/\/prehistodino.com\/en\/patenaires-2\/","title":{"rendered":"Around Prehistodino"},"content":{"rendered":"<p><img loading=\"lazy\" decoding=\"async\" class=\"alignleft size-full wp-image-488\" alt=\"tx05\" src=\"https:\/\/prehistodino.com\/wp-content\/uploads\/2014\/05\/tx05.png\" width=\"342\" height=\"35\" srcset=\"https:\/\/prehistodino.com\/wp-content\/uploads\/2014\/05\/tx05.png 342w, https:\/\/prehistodino.com\/wp-content\/uploads\/2014\/05\/tx05-300x31.png 300w\" sizes=\"auto, (max-width: 342px) 100vw, 342px\" \/><\/p>\n[ezcol_1half]\n<p style=\"text-align: justify;\">Prehisto Dino Park is also the story of an encounter. An encounter between a man, passionate about prehistory, and a beautifully preserved nature. Jean-Max Touron, fascinated by our heritage and animated by the desire to share it, has revealed, in homage to our past, emblematic sites of P\u00e9rigord;\u00a0 <span style=\"color: #ffcc00;\"><strong>the Roc de Cazelle Caves, the Strong-House of Reignac, Roque Saint-Christophe, the Sorcerer\u2019s cave, the Manor of Gisson<\/strong><\/span>\u00a0or again <span style=\"color: #ffcc00;\"><strong>the site of Cro-Magnon <\/strong><\/span>in Les Eyzies.<br \/>\nLink between past and present, these authentic sites are intended as real places of sharing, where discovery means pleasure. You can then extend a little longer your journey in time\u2026<\/p>\n<p><a title=\"Les grottes du Roc de Cazelle\" href=\"http:\/\/www.rocdecazelle.com\/\" target=\"_blank\">www.rocdecazelle.com<\/a><br \/>\n<a title=\"Maison forte de Reignac\" href=\"http:\/\/www.maison-forte-reignac.com\/\" target=\"_blank\">www.maison-forte-reignac.com<\/a><br \/>\n<a title=\"La Roque St-Christophe\" href=\"http:\/\/www.roque-st-christophe.com\/\" target=\"_blank\">www.roque-st-christophe.com<\/a><br \/>\n<a title=\"grotte du Sorcier\" href=\"http:\/\/www.grottedusorcier.com\/\" target=\"_blank\">www.grottedusorcier.com<\/a><br \/>\n<a title=\"Manoir de Gisson\" href=\"http:\/\/www.manoirdegisson.com\" target=\"_blank\">www.manoirdegisson.com<\/a><br \/>\n<a title=\"Abri Cro-Magnon\" href=\"http:\/\/www.abri-cromagnon.com\/\" target=\"_blank\">www.abri-cromagnon.com<\/a><\/p>\n[\/ezcol_1half]\n[ezcol_1half_end]\n[slideshow]\n<img loading=\"lazy\" decoding=\"async\" class=\"alignleft size-full wp-image-388\" alt=\"01\" src=\"https:\/\/prehistodino.com\/wp-content\/uploads\/2014\/05\/01.jpg\" width=\"1200\" height=\"797\" srcset=\"https:\/\/prehistodino.com\/wp-content\/uploads\/2014\/05\/01.jpg 1200w, https:\/\/prehistodino.com\/wp-content\/uploads\/2014\/05\/01-300x199.jpg 300w, https:\/\/prehistodino.com\/wp-content\/uploads\/2014\/05\/01-1024x680.jpg 1024w\" sizes=\"auto, (max-width: 1200px) 100vw, 1200px\" \/> <img loading=\"lazy\" decoding=\"async\" class=\"alignleft size-full wp-image-389\" alt=\"02\" src=\"https:\/\/prehistodino.com\/wp-content\/uploads\/2014\/05\/02.jpg\" width=\"1200\" height=\"797\" srcset=\"https:\/\/prehistodino.com\/wp-content\/uploads\/2014\/05\/02.jpg 1200w, https:\/\/prehistodino.com\/wp-content\/uploads\/2014\/05\/02-300x199.jpg 300w, https:\/\/prehistodino.com\/wp-content\/uploads\/2014\/05\/02-1024x680.jpg 1024w\" sizes=\"auto, (max-width: 1200px) 100vw, 1200px\" \/> <img loading=\"lazy\" decoding=\"async\" class=\"alignleft size-full wp-image-390\" alt=\"03\" src=\"https:\/\/prehistodino.com\/wp-content\/uploads\/2014\/05\/03.jpg\" width=\"1200\" height=\"797\" srcset=\"https:\/\/prehistodino.com\/wp-content\/uploads\/2014\/05\/03.jpg 1200w, https:\/\/prehistodino.com\/wp-content\/uploads\/2014\/05\/03-300x199.jpg 300w, https:\/\/prehistodino.com\/wp-content\/uploads\/2014\/05\/03-1024x680.jpg 1024w\" sizes=\"auto, (max-width: 1200px) 100vw, 1200px\" \/> <img loading=\"lazy\" decoding=\"async\" class=\"alignleft size-full wp-image-391\" alt=\"04\" src=\"https:\/\/prehistodino.com\/wp-content\/uploads\/2014\/05\/04.jpg\" width=\"1200\" height=\"797\" srcset=\"https:\/\/prehistodino.com\/wp-content\/uploads\/2014\/05\/04.jpg 1200w, https:\/\/prehistodino.com\/wp-content\/uploads\/2014\/05\/04-300x199.jpg 300w, https:\/\/prehistodino.com\/wp-content\/uploads\/2014\/05\/04-1024x680.jpg 1024w\" sizes=\"auto, (max-width: 1200px) 100vw, 1200px\" \/> <img loading=\"lazy\" decoding=\"async\" class=\"alignleft size-full wp-image-392\" alt=\"05\" src=\"https:\/\/prehistodino.com\/wp-content\/uploads\/2014\/05\/05.jpg\" width=\"1200\" height=\"797\" srcset=\"https:\/\/prehistodino.com\/wp-content\/uploads\/2014\/05\/05.jpg 1200w, https:\/\/prehistodino.com\/wp-content\/uploads\/2014\/05\/05-300x199.jpg 300w, https:\/\/prehistodino.com\/wp-content\/uploads\/2014\/05\/05-1024x680.jpg 1024w\" sizes=\"auto, (max-width: 1200px) 100vw, 1200px\" \/> <img loading=\"lazy\" decoding=\"async\" class=\"alignleft size-full wp-image-393\" alt=\"06\" src=\"https:\/\/prehistodino.com\/wp-content\/uploads\/2014\/05\/06.jpg\" width=\"1200\" height=\"797\" srcset=\"https:\/\/prehistodino.com\/wp-content\/uploads\/2014\/05\/06.jpg 1200w, https:\/\/prehistodino.com\/wp-content\/uploads\/2014\/05\/06-300x199.jpg 300w, https:\/\/prehistodino.com\/wp-content\/uploads\/2014\/05\/06-1024x680.jpg 1024w\" sizes=\"auto, (max-width: 1200px) 100vw, 1200px\" \/> <img loading=\"lazy\" decoding=\"async\" class=\"alignleft size-full wp-image-394\" alt=\"07\" src=\"https:\/\/prehistodino.com\/wp-content\/uploads\/2014\/05\/07.jpg\" width=\"1200\" height=\"797\" srcset=\"https:\/\/prehistodino.com\/wp-content\/uploads\/2014\/05\/07.jpg 1200w, https:\/\/prehistodino.com\/wp-content\/uploads\/2014\/05\/07-300x199.jpg 300w, https:\/\/prehistodino.com\/wp-content\/uploads\/2014\/05\/07-1024x680.jpg 1024w\" sizes=\"auto, (max-width: 1200px) 100vw, 1200px\" \/> <img loading=\"lazy\" decoding=\"async\" class=\"alignleft size-full wp-image-395\" alt=\"08\" src=\"https:\/\/prehistodino.com\/wp-content\/uploads\/2014\/05\/08.jpg\" width=\"1200\" height=\"797\" srcset=\"https:\/\/prehistodino.com\/wp-content\/uploads\/2014\/05\/08.jpg 1200w, https:\/\/prehistodino.com\/wp-content\/uploads\/2014\/05\/08-300x199.jpg 300w, https:\/\/prehistodino.com\/wp-content\/uploads\/2014\/05\/08-1024x680.jpg 1024w\" sizes=\"auto, (max-width: 1200px) 100vw, 1200px\" \/> <img loading=\"lazy\" decoding=\"async\" class=\"alignleft size-full wp-image-396\" alt=\"09\" src=\"https:\/\/prehistodino.com\/wp-content\/uploads\/2014\/05\/09.jpg\" width=\"1200\" height=\"797\" srcset=\"https:\/\/prehistodino.com\/wp-content\/uploads\/2014\/05\/09.jpg 1200w, https:\/\/prehistodino.com\/wp-content\/uploads\/2014\/05\/09-300x199.jpg 300w, https:\/\/prehistodino.com\/wp-content\/uploads\/2014\/05\/09-1024x680.jpg 1024w\" sizes=\"auto, (max-width: 1200px) 100vw, 1200px\" \/> <img loading=\"lazy\" decoding=\"async\" class=\"alignleft size-full wp-image-397\" alt=\"10\" src=\"https:\/\/prehistodino.com\/wp-content\/uploads\/2014\/05\/10.jpg\" width=\"1200\" height=\"797\" srcset=\"https:\/\/prehistodino.com\/wp-content\/uploads\/2014\/05\/10.jpg 1200w, https:\/\/prehistodino.com\/wp-content\/uploads\/2014\/05\/10-300x199.jpg 300w, https:\/\/prehistodino.com\/wp-content\/uploads\/2014\/05\/10-1024x680.jpg 1024w\" sizes=\"auto, (max-width: 1200px) 100vw, 1200px\" \/> <img loading=\"lazy\" decoding=\"async\" class=\"alignleft size-full wp-image-398\" alt=\"11\" src=\"https:\/\/prehistodino.com\/wp-content\/uploads\/2014\/05\/11.jpg\" width=\"1200\" height=\"797\" srcset=\"https:\/\/prehistodino.com\/wp-content\/uploads\/2014\/05\/11.jpg 1200w, https:\/\/prehistodino.com\/wp-content\/uploads\/2014\/05\/11-300x199.jpg 300w, https:\/\/prehistodino.com\/wp-content\/uploads\/2014\/05\/11-1024x680.jpg 1024w\" sizes=\"auto, (max-width: 1200px) 100vw, 1200px\" \/> <img loading=\"lazy\" decoding=\"async\" class=\"alignleft size-full wp-image-399\" alt=\"12\" src=\"https:\/\/prehistodino.com\/wp-content\/uploads\/2014\/05\/12.jpg\" width=\"1200\" height=\"797\" srcset=\"https:\/\/prehistodino.com\/wp-content\/uploads\/2014\/05\/12.jpg 1200w, https:\/\/prehistodino.com\/wp-content\/uploads\/2014\/05\/12-300x199.jpg 300w, https:\/\/prehistodino.com\/wp-content\/uploads\/2014\/05\/12-1024x680.jpg 1024w\" sizes=\"auto, (max-width: 1200px) 100vw, 1200px\" \/> <img loading=\"lazy\" decoding=\"async\" class=\"alignleft size-full wp-image-400\" alt=\"13\" src=\"https:\/\/prehistodino.com\/wp-content\/uploads\/2014\/05\/13.jpg\" width=\"1200\" height=\"797\" srcset=\"https:\/\/prehistodino.com\/wp-content\/uploads\/2014\/05\/13.jpg 1200w, https:\/\/prehistodino.com\/wp-content\/uploads\/2014\/05\/13-300x199.jpg 300w, https:\/\/prehistodino.com\/wp-content\/uploads\/2014\/05\/13-1024x680.jpg 1024w\" sizes=\"auto, (max-width: 1200px) 100vw, 1200px\" \/> <img loading=\"lazy\" decoding=\"async\" class=\"alignleft size-full wp-image-401\" alt=\"14\" src=\"https:\/\/prehistodino.com\/wp-content\/uploads\/2014\/05\/14.jpg\" width=\"1200\" height=\"797\" srcset=\"https:\/\/prehistodino.com\/wp-content\/uploads\/2014\/05\/14.jpg 1200w, https:\/\/prehistodino.com\/wp-content\/uploads\/2014\/05\/14-300x199.jpg 300w, https:\/\/prehistodino.com\/wp-content\/uploads\/2014\/05\/14-1024x680.jpg 1024w\" sizes=\"auto, (max-width: 1200px) 100vw, 1200px\" \/><\/p>\n[\/slideshow]\n<p><img loading=\"lazy\" decoding=\"async\" class=\"alignleft size-full wp-image-452\" alt=\"essai-logos\" src=\"https:\/\/prehistodino.com\/wp-content\/uploads\/2014\/05\/essai-logos.gif\" width=\"491\" height=\"156\" \/><\/p>\n[\/ezcol_1half_end]\n<p><img loading=\"lazy\" decoding=\"async\" class=\"alignleft size-full wp-image-378\" alt=\"meme-passion\" src=\"https:\/\/prehistodino.com\/wp-content\/uploads\/2014\/05\/meme-passion.png\" width=\"982\" height=\"422\" srcset=\"https:\/\/prehistodino.com\/wp-content\/uploads\/2014\/05\/meme-passion.png 982w, https:\/\/prehistodino.com\/wp-content\/uploads\/2014\/05\/meme-passion-300x129.png 300w\" sizes=\"auto, (max-width: 982px) 100vw, 982px\" \/><\/p>\n","protected":false},"excerpt":{"rendered":"<p>[ezcol_1half] Prehisto Dino Park is also the story of an encounter. An encounter between a man, passionate about prehistory, and [&hellip;]<\/p>\n","protected":false},"author":1,"featured_media":0,"parent":0,"menu_order":0,"comment_status":"closed","ping_status":"closed","template":"page-full-width.php","meta":{"footnotes":""},"class_list":["post-484","page","type-page","status-publish","hentry"],"yoast_head":"<!-- This site is optimized with the Yoast SEO plugin v27.1.1 - https:\/\/yoast.com\/product\/yoast-seo-wordpress\/ -->\n<title>Around Prehistodino - Pr\u00e9histodino parc - Lacave en Quercy<\/title>\n<meta name=\"robots\" content=\"index, follow, max-snippet:-1, max-image-preview:large, max-video-preview:-1\" \/>\n<link rel=\"canonical\" href=\"https:\/\/prehistodino.com\/en\/patenaires-2\/\" \/>\n<meta property=\"og:locale\" content=\"en_US\" \/>\n<meta property=\"og:type\" content=\"article\" \/>\n<meta property=\"og:title\" content=\"Around Prehistodino - Pr\u00e9histodino parc - Lacave en Quercy\" \/>\n<meta property=\"og:description\" content=\"[ezcol_1half] Prehisto Dino Park is also the story of an encounter. An encounter between a man, passionate about prehistory, and [&hellip;]\" \/>\n<meta property=\"og:url\" content=\"https:\/\/prehistodino.com\/en\/patenaires-2\/\" \/>\n<meta property=\"og:site_name\" content=\"Pr\u00e9histodino parc - Lacave en Quercy\" \/>\n<meta property=\"article:modified_time\" content=\"2014-07-17T10:01:33+00:00\" \/>\n<meta property=\"og:image\" content=\"https:\/\/prehistodino.com\/wp-content\/uploads\/2014\/05\/tx05.png\" \/>\n<meta name=\"twitter:card\" content=\"summary_large_image\" \/>\n<meta name=\"twitter:label1\" content=\"Est. reading time\" \/>\n\t<meta name=\"twitter:data1\" content=\"1 minute\" \/>\n<script type=\"application\/ld+json\" class=\"yoast-schema-graph\">{\"@context\":\"https:\/\/schema.org\",\"@graph\":[{\"@type\":\"WebPage\",\"@id\":\"https:\/\/prehistodino.com\/en\/patenaires-2\/\",\"url\":\"https:\/\/prehistodino.com\/en\/patenaires-2\/\",\"name\":\"Around Prehistodino - Pr\u00e9histodino parc - Lacave en Quercy\",\"isPartOf\":{\"@id\":\"https:\/\/prehistodino.com\/#website\"},\"primaryImageOfPage\":{\"@id\":\"https:\/\/prehistodino.com\/en\/patenaires-2\/#primaryimage\"},\"image\":{\"@id\":\"https:\/\/prehistodino.com\/en\/patenaires-2\/#primaryimage\"},\"thumbnailUrl\":\"https:\/\/prehistodino.com\/wp-content\/uploads\/2014\/05\/tx05.png\",\"datePublished\":\"2014-05-28T21:54:56+00:00\",\"dateModified\":\"2014-07-17T10:01:33+00:00\",\"breadcrumb\":{\"@id\":\"https:\/\/prehistodino.com\/en\/patenaires-2\/#breadcrumb\"},\"inLanguage\":\"en-US\",\"potentialAction\":[{\"@type\":\"ReadAction\",\"target\":[\"https:\/\/prehistodino.com\/en\/patenaires-2\/\"]}]},{\"@type\":\"ImageObject\",\"inLanguage\":\"en-US\",\"@id\":\"https:\/\/prehistodino.com\/en\/patenaires-2\/#primaryimage\",\"url\":\"https:\/\/prehistodino.com\/wp-content\/uploads\/2014\/05\/tx05.png\",\"contentUrl\":\"https:\/\/prehistodino.com\/wp-content\/uploads\/2014\/05\/tx05.png\"},{\"@type\":\"BreadcrumbList\",\"@id\":\"https:\/\/prehistodino.com\/en\/patenaires-2\/#breadcrumb\",\"itemListElement\":[{\"@type\":\"ListItem\",\"position\":1,\"name\":\"Accueil\",\"item\":\"https:\/\/prehistodino.com\/en\/\"},{\"@type\":\"ListItem\",\"position\":2,\"name\":\"Around Prehistodino\"}]},{\"@type\":\"WebSite\",\"@id\":\"https:\/\/prehistodino.com\/#website\",\"url\":\"https:\/\/prehistodino.com\/\",\"name\":\"Pr\u00e9histodino parc - Lacave en Quercy\",\"description\":\"Laissez-vous transporter \u00e0 l&#039;\u00e9poque des dinosaures et poursuivez votre voyage sur les traces de l&#039;homme\",\"potentialAction\":[{\"@type\":\"SearchAction\",\"target\":{\"@type\":\"EntryPoint\",\"urlTemplate\":\"https:\/\/prehistodino.com\/?s={search_term_string}\"},\"query-input\":{\"@type\":\"PropertyValueSpecification\",\"valueRequired\":true,\"valueName\":\"search_term_string\"}}],\"inLanguage\":\"en-US\"}]}<\/script>\n<!-- \/ Yoast SEO plugin. -->","yoast_head_json":{"title":"Around Prehistodino - Pr\u00e9histodino parc - Lacave en Quercy","robots":{"index":"index","follow":"follow","max-snippet":"max-snippet:-1","max-image-preview":"max-image-preview:large","max-video-preview":"max-video-preview:-1"},"canonical":"https:\/\/prehistodino.com\/en\/patenaires-2\/","og_locale":"en_US","og_type":"article","og_title":"Around Prehistodino - Pr\u00e9histodino parc - Lacave en Quercy","og_description":"[ezcol_1half] Prehisto Dino Park is also the story of an encounter. An encounter between a man, passionate about prehistory, and [&hellip;]","og_url":"https:\/\/prehistodino.com\/en\/patenaires-2\/","og_site_name":"Pr\u00e9histodino parc - Lacave en Quercy","article_modified_time":"2014-07-17T10:01:33+00:00","og_image":[{"url":"https:\/\/prehistodino.com\/wp-content\/uploads\/2014\/05\/tx05.png","type":"","width":"","height":""}],"twitter_card":"summary_large_image","twitter_misc":{"Est. reading time":"1 minute"},"schema":{"@context":"https:\/\/schema.org","@graph":[{"@type":"WebPage","@id":"https:\/\/prehistodino.com\/en\/patenaires-2\/","url":"https:\/\/prehistodino.com\/en\/patenaires-2\/","name":"Around Prehistodino - Pr\u00e9histodino parc - Lacave en Quercy","isPartOf":{"@id":"https:\/\/prehistodino.com\/#website"},"primaryImageOfPage":{"@id":"https:\/\/prehistodino.com\/en\/patenaires-2\/#primaryimage"},"image":{"@id":"https:\/\/prehistodino.com\/en\/patenaires-2\/#primaryimage"},"thumbnailUrl":"https:\/\/prehistodino.com\/wp-content\/uploads\/2014\/05\/tx05.png","datePublished":"2014-05-28T21:54:56+00:00","dateModified":"2014-07-17T10:01:33+00:00","breadcrumb":{"@id":"https:\/\/prehistodino.com\/en\/patenaires-2\/#breadcrumb"},"inLanguage":"en-US","potentialAction":[{"@type":"ReadAction","target":["https:\/\/prehistodino.com\/en\/patenaires-2\/"]}]},{"@type":"ImageObject","inLanguage":"en-US","@id":"https:\/\/prehistodino.com\/en\/patenaires-2\/#primaryimage","url":"https:\/\/prehistodino.com\/wp-content\/uploads\/2014\/05\/tx05.png","contentUrl":"https:\/\/prehistodino.com\/wp-content\/uploads\/2014\/05\/tx05.png"},{"@type":"BreadcrumbList","@id":"https:\/\/prehistodino.com\/en\/patenaires-2\/#breadcrumb","itemListElement":[{"@type":"ListItem","position":1,"name":"Accueil","item":"https:\/\/prehistodino.com\/en\/"},{"@type":"ListItem","position":2,"name":"Around Prehistodino"}]},{"@type":"WebSite","@id":"https:\/\/prehistodino.com\/#website","url":"https:\/\/prehistodino.com\/","name":"Pr\u00e9histodino parc - Lacave en Quercy","description":"Laissez-vous transporter \u00e0 l&#039;\u00e9poque des dinosaures et poursuivez votre voyage sur les traces de l&#039;homme","potentialAction":[{"@type":"SearchAction","target":{"@type":"EntryPoint","urlTemplate":"https:\/\/prehistodino.com\/?s={search_term_string}"},"query-input":{"@type":"PropertyValueSpecification","valueRequired":true,"valueName":"search_term_string"}}],"inLanguage":"en-US"}]}},"_links":{"self":[{"href":"https:\/\/prehistodino.com\/en\/wp-json\/wp\/v2\/pages\/484","targetHints":{"allow":["GET"]}}],"collection":[{"href":"https:\/\/prehistodino.com\/en\/wp-json\/wp\/v2\/pages"}],"about":[{"href":"https:\/\/prehistodino.com\/en\/wp-json\/wp\/v2\/types\/page"}],"author":[{"embeddable":true,"href":"https:\/\/prehistodino.com\/en\/wp-json\/wp\/v2\/users\/1"}],"replies":[{"embeddable":true,"href":"https:\/\/prehistodino.com\/en\/wp-json\/wp\/v2\/comments?post=484"}],"version-history":[{"count":4,"href":"https:\/\/prehistodino.com\/en\/wp-json\/wp\/v2\/pages\/484\/revisions"}],"predecessor-version":[{"id":490,"href":"https:\/\/prehistodino.com\/en\/wp-json\/wp\/v2\/pages\/484\/revisions\/490"}],"wp:attachment":[{"href":"https:\/\/prehistodino.com\/en\/wp-json\/wp\/v2\/media?parent=484"}],"curies":[{"name":"wp","href":"https:\/\/api.w.org\/{rel}","templated":true}]}}