{"id":884,"date":"2018-07-23T21:17:30","date_gmt":"2018-07-23T19:17:30","guid":{"rendered":"http:\/\/prehistodino.com\/?page_id=884"},"modified":"2026-03-10T16:15:14","modified_gmt":"2026-03-10T15:15:14","slug":"the-grotte","status":"publish","type":"page","link":"https:\/\/prehistodino.com\/en\/the-grotte\/","title":{"rendered":"Grotte des carbonni\u00e8res"},"content":{"rendered":"<section class=\"wpb-content-wrapper\">[vc_row full_width=&#8221;stretch_row_content&#8221; content_placement=&#8221;bottom&#8221; css=&#8221;.vc_custom_1614363189447{background-image: url(https:\/\/prehistodino.com\/wp-content\/uploads\/2021\/02\/grotte-1.jpg?id=2192) !important;background-position: center !important;background-repeat: no-repeat !important;background-size: cover !important;}&#8221;][vc_column][vc_empty_space height=&#8221;500px&#8221;][vc_column_text css_animation=&#8221;fadeIn&#8221; size=&#8221;0&#8243;]\n<h1 style=\"text-align: center;\"><span style=\"color: #ffffff;\">The hidden treasure of the Rocamadour plateau<\/span><\/h1>\n[\/vc_column_text][vc_empty_space height=&#8221;10px&#8221;][\/vc_column][\/vc_row][vc_row full_width=&#8221;stretch_row&#8221; content_placement=&#8221;top&#8221; css=&#8221;.vc_custom_1614616372415{background-position: center !important;background-repeat: no-repeat !important;background-size: cover !important;}&#8221;][vc_column][\/vc_column][vc_column width=&#8221;1\/2&#8243;][vc_column_text size=&#8221;0&#8243;]\n<h2 style=\"text-align: left;\"><span style=\"color: #006d4f;\"><span style=\"color: #ffffff;\">Visit the Grotte des Carbonni\u00e8res located on the same site<\/span><br \/>\n<\/span><\/h2>\n<p style=\"text-align: justify;\"><span style=\"color: #ffffff;\">Shaped by water and time, the Grotte of the Carbonni\u00e8res presents an incredible diversity of mineral formations. Stalactites, stalagmites, helictites, and columns rub shoulders with draperies, pillars and fistulae. During your visit to the park, take the opportunity to get up close to these formations. Discover the remarkable work of nature as well as evidence left by Man in the Grotte. This tour passes through six vast chambers which light up as you enter. And the visit to the Grotte finishes with sound and light show, full of magic, which brings out the full beauty of the place.<br \/>\n<\/span><\/p>\n[\/vc_column_text][vc_column_text size=&#8221;0&#8243;]\n<div>\n<div id=\"dfd-heading-5b562afe25f97\" data-animate-type=\"transition.slideRightIn\">\n<div>\n<div>\n<h2><span style=\"color: #a39271;\">OPENING TIMES<\/span><\/h2>\n<\/div>\n<\/div>\n<\/div>\n<\/div>\n<div>\n<p style=\"text-align: justify;\"><span style=\"color: #ffffff;\"> Open every day from 8th february until the 11th november 2026.<\/span><\/p>\n<p><span style=\"color: #ffffff;\"><strong>NO RESERVATION REQUIRED <\/strong><\/span><\/p>\n<\/div>\n[\/vc_column_text][vc_column_text size=&#8221;0&#8243;]\n<div>\n<div id=\"dfd-heading-5b562afe25f97\" data-animate-type=\"transition.slideRightIn\">\n<div>\n<div>\n<h2><span style=\"color: #a39271;\">Individual 2026 rates<br \/>\n<\/span><\/h2>\n<\/div>\n<\/div>\n<\/div>\n<\/div>\n<div>\n<h3 style=\"text-align: justify;\"><span style=\"color: #ffffff;\">Individual<\/span><\/h3>\n<p style=\"text-align: justify;\"><span style=\"color: #ffffff;\">Adults: \u20ac10,90<br \/>\nChildren (5 to 13 years old): \u20ac5,90<br \/>\nStudents: \u20ac9,90<strong><br \/>\n<\/strong><\/span><\/p>\n<h3><span style=\"color: #ffffff;\">Combined ticket Dino Park \/Grotte des Carbonni\u00e8res <\/span><span style=\"color: #a39271;\">20% discount<br \/>\n<\/span><\/h3>\n<p><span style=\"color: #ffffff;\">Adults: \u20ac16,90<br \/>\nChildren (5 to 13 years old): \u20ac9,90<br \/>\nStudents: \u20ac15,90<\/span><\/p>\n<p style=\"text-align: justify;\"><span style=\"color: #000000;\"><span style=\"color: #ffffff;\">Free for children under 5 years old<\/span><br \/>\n<strong><br \/>\n<\/strong><\/span><\/p>\n<\/div>\n[\/vc_column_text][\/vc_column][vc_column width=&#8221;1\/2&#8243; css=&#8221;.vc_custom_1612353459383{padding-right: 10px !important;}&#8221;][vc_raw_html]JTNDZGl2JTIwc3R5bGUlM0QlMjJwYWRkaW5nJTNBMSUyNSUyMDAlMjAwJTIwMCUzQnBvc2l0aW9uJTNBcmVsYXRpdmUlM0IlMjIlM0UlM0NpZnJhbWUlMjBzcmMlM0QlMjJodHRwcyUzQSUyRiUyRnBsYXllci52aW1lby5jb20lMkZ2aWRlbyUyRjI4MTI4Mzg2MSUzRnRpdGxlJTNEMCUyNmJ5bGluZSUzRDAlMjZwb3J0cmFpdCUzRDAlMjIlMjBzdHlsZSUzRCUyMnBvc2l0aW9uJTNBYWJzb2x1dGUlM0J0b3AlM0EwJTNCbGVmdCUzQTAlM0J3aWR0aCUzQTEwMCUyNSUzQmhlaWdodCUzQTEwMCUyNSUzQiUyMiUyMGZyYW1lYm9yZGVyJTNEJTIyMCUyMiUyMGFsbG93JTNEJTIyYXV0b3BsYXklM0IlMjBmdWxsc2NyZWVuJTNCJTIwcGljdHVyZS1pbi1waWN0dXJlJTIyJTIwYWxsb3dmdWxsc2NyZWVuJTNFJTNDJTJGaWZyYW1lJTNFJTNDJTJGZGl2JTNFJTNDc2NyaXB0JTIwc3JjJTNEJTIyaHR0cHMlM0ElMkYlMkZwbGF5ZXIudmltZW8uY29tJTJGYXBpJTJGcGxheWVyLmpzJTIyJTNFJTNDJTJGc2NyaXB0JTNF[\/vc_raw_html][vc_column_text size=&#8221;0&#8243;]\n<h2><span style=\"color: #a39271;\">Informations<\/span><\/h2>\n<p style=\"text-align: justify;\"><strong><span style=\"color: #ffffff;\"><img loading=\"lazy\" decoding=\"async\" class=\"wp-image-2322 alignnone\" src=\"https:\/\/prehistodino.com\/wp-content\/uploads\/2021\/03\/carbonnieres.svg\" alt=\"\" width=\"260\" height=\"62\" \/><\/span><\/strong><\/p>\n<p style=\"text-align: justify;\"><strong><span style=\"color: #ffffff;\">Route de Rocamadour 46200 LACAVE<\/span><br \/>\n<span style=\"color: #ffffff;\">05 65 32 28 28<\/span><br \/>\n<span style=\"color: #a39271;\"><a style=\"color: #a39271;\" href=\"mailto:contact@grottedescarbonnieres.com\">contact@grottedescarbonnieres.com<\/a><\/span><br \/>\n<a href=\"https:\/\/www.grottedescarbonnieres.com\" target=\"_blank\" rel=\"noopener\"><span style=\"color: #a39271;\">www.grottedescarbonnieres.com<\/span><\/a><br \/>\n<\/strong><\/p>\n[\/vc_column_text][vc_btn title=&#8221;Download the leaflet&#8221; style=&#8221;outline&#8221; shape=&#8221;square&#8221; color=&#8221;white&#8221; align=&#8221;left&#8221; link=&#8221;url:https%3A%2F%2Fprehistodino.com%2Fwp-content%2Fuploads%2F2026%2F03%2FDepliant-grotte-CARBONNIERES-2026.pdf|target:_blank&#8221;][vc_empty_space height=&#8221;10px&#8221;][\/vc_column][\/vc_row][vc_row full_width=&#8221;stretch_row_content&#8221; curly_padding=&#8221;content-padding-none&#8221;][vc_column width=&#8221;1\/4&#8243; css=&#8221;.vc_custom_1614270875886{background-image: url(https:\/\/prehistodino.com\/wp-content\/uploads\/2021\/01\/D70A2098.jpg?id=1378) !important;background-position: center !important;background-repeat: no-repeat !important;background-size: cover !important;}&#8221;][vc_empty_space height=&#8221;250px&#8221;][\/vc_column][vc_column width=&#8221;1\/4&#8243; css=&#8221;.vc_custom_1614270899907{background-image: url(https:\/\/prehistodino.com\/wp-content\/uploads\/2021\/01\/D70A1974.jpg?id=1377) !important;background-position: center !important;background-repeat: no-repeat !important;background-size: cover !important;}&#8221;][vc_empty_space height=&#8221;250px&#8221;][\/vc_column][vc_column width=&#8221;1\/4&#8243; css=&#8221;.vc_custom_1614271240870{background-image: url(https:\/\/prehistodino.com\/wp-content\/uploads\/2021\/01\/D70A9927.jpg?id=1379) !important;background-position: center !important;background-repeat: no-repeat !important;background-size: cover !important;}&#8221;][vc_empty_space height=&#8221;250px&#8221;][\/vc_column][vc_column width=&#8221;1\/4&#8243; css=&#8221;.vc_custom_1614271246347{background-image: url(https:\/\/prehistodino.com\/wp-content\/uploads\/2021\/01\/D70A2172.jpg?id=1136) !important;background-position: center !important;background-repeat: no-repeat !important;background-size: cover !important;}&#8221;][vc_empty_space height=&#8221;250px&#8221;][\/vc_column][\/vc_row][vc_row full_width=&#8221;stretch_row_content&#8221; css=&#8221;.vc_custom_1614777363944{background-color: #ede7da !important;}&#8221;][vc_column width=&#8221;1\/6&#8243;][vc_column_text size=&#8221;0&#8243;]\n<h4 style=\"text-align: center;\"><strong><img decoding=\"async\" class=\"wp-image-2281 aligncenter\" src=\"https:\/\/prehistodino.com\/wp-content\/uploads\/2021\/09\/45mn.svg\" alt=\"\" width=\"103\" \/><\/strong><br \/>\nnon-guided visit<strong><br \/>\n<\/strong><\/h4>\n[\/vc_column_text][\/vc_column][vc_column width=&#8221;1\/6&#8243;][vc_column_text size=&#8221;0&#8243;]\n<h4 style=\"text-align: center;\"><strong><img decoding=\"async\" class=\"wp-image-2281 aligncenter\" src=\"https:\/\/prehistodino.com\/wp-content\/uploads\/2021\/03\/audioguide.svg\" alt=\"\" width=\"103\" \/><\/strong><br \/>\nAudioguides<strong><br \/>\n<img loading=\"lazy\" decoding=\"async\" class=\"wp-image-2325 aligncenter\" src=\"https:\/\/prehistodino.com\/wp-content\/uploads\/2021\/03\/drapt.svg\" alt=\"\" width=\"131\" height=\"36\" \/><br \/>\n<\/strong><\/h4>\n[\/vc_column_text][\/vc_column][vc_column width=&#8221;1\/6&#8243;][vc_column_text size=&#8221;0&#8243;]\n<h4 style=\"text-align: center;\"><strong><img decoding=\"async\" class=\"wp-image-2282 aligncenter\" src=\"https:\/\/prehistodino.com\/wp-content\/uploads\/2021\/03\/temperatu.svg\" alt=\"\" width=\"103\" \/><\/strong><br \/>\nTemperature<\/h4>\n[\/vc_column_text][\/vc_column][vc_column width=&#8221;1\/6&#8243;][vc_column_text size=&#8221;0&#8243;]\n<h4 style=\"text-align: center;\"><strong><img loading=\"lazy\" decoding=\"async\" class=\"aligncenter wp-image-2277\" src=\"https:\/\/prehistodino.com\/wp-content\/uploads\/2021\/03\/photook.svg\" alt=\"\" width=\"103\" height=\"77\" \/><\/strong><br \/>\nPhotos permitted<strong><br \/>\n<\/strong><\/h4>\n[\/vc_column_text][\/vc_column][vc_column width=&#8221;1\/6&#8243;][vc_column_text size=&#8221;0&#8243;]\n<h4 style=\"text-align: center;\"><strong><img decoding=\"async\" class=\"wp-image-2283 aligncenter\" src=\"https:\/\/prehistodino.com\/wp-content\/uploads\/2021\/03\/walk.svg\" alt=\"\" width=\"103\" \/><\/strong><span class=\"sentence-wrapper_without-hover ng-star-inserted\"><br \/>\nNo stair steps<\/span><strong><br \/>\n<\/strong><\/h4>\n[\/vc_column_text][\/vc_column][vc_column width=&#8221;1\/6&#8243;][vc_column_text size=&#8221;0&#8243;]\n<h4 style=\"text-align: center;\"><strong><img decoding=\"async\" class=\"wp-image-2284 aligncenter\" src=\"https:\/\/prehistodino.com\/wp-content\/uploads\/2021\/03\/nodogs.svg\" alt=\"\" width=\"103\" \/><\/strong><span class=\"text__translation\"><br \/>\nPets not allowed<\/span><strong><br \/>\n<\/strong><\/h4>\n[\/vc_column_text][\/vc_column][\/vc_row]\n<\/section>","protected":false},"excerpt":{"rendered":"<p>[vc_row full_width=&#8221;stretch_row_content&#8221; content_placement=&#8221;bottom&#8221; css=&#8221;.vc_custom_1614363189447{background-image: url(https:\/\/prehistodino.com\/wp-content\/uploads\/2021\/02\/grotte-1.jpg?id=2192) !important;background-position: center !important;background-repeat: no-repeat !important;background-size: cover !important;}&#8221;][vc_column][vc_empty_space height=&#8221;500px&#8221;][vc_column_text css_animation=&#8221;fadeIn&#8221; size=&#8221;0&#8243;] The hidden treasure of the [&hellip;]<\/p>\n","protected":false},"author":1,"featured_media":0,"parent":0,"menu_order":0,"comment_status":"closed","ping_status":"closed","template":"","meta":{"footnotes":""},"class_list":["post-884","page","type-page","status-publish","hentry"],"yoast_head":"<!-- This site is optimized with the Yoast SEO plugin v27.1.1 - https:\/\/yoast.com\/product\/yoast-seo-wordpress\/ -->\n<title>Grotte des carbonni\u00e8res - Pr\u00e9histodino parc - Lacave en Quercy<\/title>\n<meta name=\"robots\" content=\"index, follow, max-snippet:-1, max-image-preview:large, max-video-preview:-1\" \/>\n<link rel=\"canonical\" href=\"https:\/\/prehistodino.com\/en\/the-grotte\/\" \/>\n<meta property=\"og:locale\" content=\"en_US\" \/>\n<meta property=\"og:type\" content=\"article\" \/>\n<meta property=\"og:title\" content=\"Grotte des carbonni\u00e8res - Pr\u00e9histodino parc - Lacave en Quercy\" \/>\n<meta property=\"og:description\" content=\"[vc_row full_width=&#8221;stretch_row_content&#8221; content_placement=&#8221;bottom&#8221; css=&#8221;.vc_custom_1614363189447{background-image: url(https:\/\/prehistodino.com\/wp-content\/uploads\/2021\/02\/grotte-1.jpg?id=2192) !important;background-position: center !important;background-repeat: no-repeat !important;background-size: cover !important;}&#8221;][vc_column][vc_empty_space height=&#8221;500px&#8221;][vc_column_text css_animation=&#8221;fadeIn&#8221; size=&#8221;0&#8243;] The hidden treasure of the [&hellip;]\" \/>\n<meta property=\"og:url\" content=\"https:\/\/prehistodino.com\/en\/the-grotte\/\" \/>\n<meta property=\"og:site_name\" content=\"Pr\u00e9histodino parc - Lacave en Quercy\" \/>\n<meta property=\"article:modified_time\" content=\"2026-03-10T15:15:14+00:00\" \/>\n<meta name=\"twitter:card\" content=\"summary_large_image\" \/>\n<meta name=\"twitter:label1\" content=\"Est. reading time\" \/>\n\t<meta name=\"twitter:data1\" content=\"4 minutes\" \/>\n<script type=\"application\/ld+json\" class=\"yoast-schema-graph\">{\"@context\":\"https:\/\/schema.org\",\"@graph\":[{\"@type\":\"WebPage\",\"@id\":\"https:\/\/prehistodino.com\/en\/the-grotte\/\",\"url\":\"https:\/\/prehistodino.com\/en\/the-grotte\/\",\"name\":\"Grotte des carbonni\u00e8res - Pr\u00e9histodino parc - Lacave en Quercy\",\"isPartOf\":{\"@id\":\"https:\/\/prehistodino.com\/#website\"},\"primaryImageOfPage\":{\"@id\":\"https:\/\/prehistodino.com\/en\/the-grotte\/#primaryimage\"},\"image\":{\"@id\":\"https:\/\/prehistodino.com\/en\/the-grotte\/#primaryimage\"},\"thumbnailUrl\":\"https:\/\/prehistodino.com\/wp-content\/uploads\/2021\/03\/carbonnieres.svg\",\"datePublished\":\"2018-07-23T19:17:30+00:00\",\"dateModified\":\"2026-03-10T15:15:14+00:00\",\"breadcrumb\":{\"@id\":\"https:\/\/prehistodino.com\/en\/the-grotte\/#breadcrumb\"},\"inLanguage\":\"en-US\",\"potentialAction\":[{\"@type\":\"ReadAction\",\"target\":[\"https:\/\/prehistodino.com\/en\/the-grotte\/\"]}]},{\"@type\":\"ImageObject\",\"inLanguage\":\"en-US\",\"@id\":\"https:\/\/prehistodino.com\/en\/the-grotte\/#primaryimage\",\"url\":\"https:\/\/prehistodino.com\/wp-content\/uploads\/2021\/03\/carbonnieres.svg\",\"contentUrl\":\"https:\/\/prehistodino.com\/wp-content\/uploads\/2021\/03\/carbonnieres.svg\"},{\"@type\":\"BreadcrumbList\",\"@id\":\"https:\/\/prehistodino.com\/en\/the-grotte\/#breadcrumb\",\"itemListElement\":[{\"@type\":\"ListItem\",\"position\":1,\"name\":\"Accueil\",\"item\":\"https:\/\/prehistodino.com\/en\/\"},{\"@type\":\"ListItem\",\"position\":2,\"name\":\"Grotte des carbonni\u00e8res\"}]},{\"@type\":\"WebSite\",\"@id\":\"https:\/\/prehistodino.com\/#website\",\"url\":\"https:\/\/prehistodino.com\/\",\"name\":\"Pr\u00e9histodino parc - Lacave en Quercy\",\"description\":\"Laissez-vous transporter \u00e0 l&#039;\u00e9poque des dinosaures et poursuivez votre voyage sur les traces de l&#039;homme\",\"potentialAction\":[{\"@type\":\"SearchAction\",\"target\":{\"@type\":\"EntryPoint\",\"urlTemplate\":\"https:\/\/prehistodino.com\/?s={search_term_string}\"},\"query-input\":{\"@type\":\"PropertyValueSpecification\",\"valueRequired\":true,\"valueName\":\"search_term_string\"}}],\"inLanguage\":\"en-US\"}]}<\/script>\n<!-- \/ Yoast SEO plugin. -->","yoast_head_json":{"title":"Grotte des carbonni\u00e8res - Pr\u00e9histodino parc - Lacave en Quercy","robots":{"index":"index","follow":"follow","max-snippet":"max-snippet:-1","max-image-preview":"max-image-preview:large","max-video-preview":"max-video-preview:-1"},"canonical":"https:\/\/prehistodino.com\/en\/the-grotte\/","og_locale":"en_US","og_type":"article","og_title":"Grotte des carbonni\u00e8res - Pr\u00e9histodino parc - Lacave en Quercy","og_description":"[vc_row full_width=&#8221;stretch_row_content&#8221; content_placement=&#8221;bottom&#8221; css=&#8221;.vc_custom_1614363189447{background-image: url(https:\/\/prehistodino.com\/wp-content\/uploads\/2021\/02\/grotte-1.jpg?id=2192) !important;background-position: center !important;background-repeat: no-repeat !important;background-size: cover !important;}&#8221;][vc_column][vc_empty_space height=&#8221;500px&#8221;][vc_column_text css_animation=&#8221;fadeIn&#8221; size=&#8221;0&#8243;] The hidden treasure of the [&hellip;]","og_url":"https:\/\/prehistodino.com\/en\/the-grotte\/","og_site_name":"Pr\u00e9histodino parc - Lacave en Quercy","article_modified_time":"2026-03-10T15:15:14+00:00","twitter_card":"summary_large_image","twitter_misc":{"Est. reading time":"4 minutes"},"schema":{"@context":"https:\/\/schema.org","@graph":[{"@type":"WebPage","@id":"https:\/\/prehistodino.com\/en\/the-grotte\/","url":"https:\/\/prehistodino.com\/en\/the-grotte\/","name":"Grotte des carbonni\u00e8res - Pr\u00e9histodino parc - Lacave en Quercy","isPartOf":{"@id":"https:\/\/prehistodino.com\/#website"},"primaryImageOfPage":{"@id":"https:\/\/prehistodino.com\/en\/the-grotte\/#primaryimage"},"image":{"@id":"https:\/\/prehistodino.com\/en\/the-grotte\/#primaryimage"},"thumbnailUrl":"https:\/\/prehistodino.com\/wp-content\/uploads\/2021\/03\/carbonnieres.svg","datePublished":"2018-07-23T19:17:30+00:00","dateModified":"2026-03-10T15:15:14+00:00","breadcrumb":{"@id":"https:\/\/prehistodino.com\/en\/the-grotte\/#breadcrumb"},"inLanguage":"en-US","potentialAction":[{"@type":"ReadAction","target":["https:\/\/prehistodino.com\/en\/the-grotte\/"]}]},{"@type":"ImageObject","inLanguage":"en-US","@id":"https:\/\/prehistodino.com\/en\/the-grotte\/#primaryimage","url":"https:\/\/prehistodino.com\/wp-content\/uploads\/2021\/03\/carbonnieres.svg","contentUrl":"https:\/\/prehistodino.com\/wp-content\/uploads\/2021\/03\/carbonnieres.svg"},{"@type":"BreadcrumbList","@id":"https:\/\/prehistodino.com\/en\/the-grotte\/#breadcrumb","itemListElement":[{"@type":"ListItem","position":1,"name":"Accueil","item":"https:\/\/prehistodino.com\/en\/"},{"@type":"ListItem","position":2,"name":"Grotte des carbonni\u00e8res"}]},{"@type":"WebSite","@id":"https:\/\/prehistodino.com\/#website","url":"https:\/\/prehistodino.com\/","name":"Pr\u00e9histodino parc - Lacave en Quercy","description":"Laissez-vous transporter \u00e0 l&#039;\u00e9poque des dinosaures et poursuivez votre voyage sur les traces de l&#039;homme","potentialAction":[{"@type":"SearchAction","target":{"@type":"EntryPoint","urlTemplate":"https:\/\/prehistodino.com\/?s={search_term_string}"},"query-input":{"@type":"PropertyValueSpecification","valueRequired":true,"valueName":"search_term_string"}}],"inLanguage":"en-US"}]}},"_links":{"self":[{"href":"https:\/\/prehistodino.com\/en\/wp-json\/wp\/v2\/pages\/884","targetHints":{"allow":["GET"]}}],"collection":[{"href":"https:\/\/prehistodino.com\/en\/wp-json\/wp\/v2\/pages"}],"about":[{"href":"https:\/\/prehistodino.com\/en\/wp-json\/wp\/v2\/types\/page"}],"author":[{"embeddable":true,"href":"https:\/\/prehistodino.com\/en\/wp-json\/wp\/v2\/users\/1"}],"replies":[{"embeddable":true,"href":"https:\/\/prehistodino.com\/en\/wp-json\/wp\/v2\/comments?post=884"}],"version-history":[{"count":22,"href":"https:\/\/prehistodino.com\/en\/wp-json\/wp\/v2\/pages\/884\/revisions"}],"predecessor-version":[{"id":3739,"href":"https:\/\/prehistodino.com\/en\/wp-json\/wp\/v2\/pages\/884\/revisions\/3739"}],"wp:attachment":[{"href":"https:\/\/prehistodino.com\/en\/wp-json\/wp\/v2\/media?parent=884"}],"curies":[{"name":"wp","href":"https:\/\/api.w.org\/{rel}","templated":true}]}}